{"id":3405,"date":"2023-01-19T16:45:26","date_gmt":"2023-01-19T15:45:26","guid":{"rendered":"https:\/\/lejonchet.fr\/?page_id=3405"},"modified":"2023-01-19T16:59:03","modified_gmt":"2023-01-19T15:59:03","slug":"theatre-illusion-et-accordeon","status":"publish","type":"page","link":"https:\/\/lejonchet.fr\/index.php\/theatre-illusion-et-accordeon\/","title":{"rendered":"Th\u00e9\u00e2tre, illusion et accord\u00e9on"},"content":{"rendered":"\n<figure class=\"wp-block-table alignright\"><table class=\"has-background\" style=\"background-color:#e7f5fe\"><tbody><tr><td class=\"has-text-align-right\" data-align=\"right\">RESERVATIONS :<br> <strong><mark style=\"background-color:rgba(0, 0, 0, 0)\" class=\"has-inline-color has-vivid-cyan-blue-color\"><a href=\"https:\/\/lejonchet.fr\/index.php\/events\/rififi\/\">Samedi 18 mars 2023 \u00e0 20h30<\/a><\/mark><\/strong><\/td><\/tr><\/tbody><\/table><\/figure>\n\n\n\n<p class=\"has-vivid-red-color has-text-color\" style=\"font-size:40px\"><strong>Du rififi dans l&rsquo;jaja<\/strong><\/p>\n\n\n\n<p>avec&nbsp;<strong>David Allain<\/strong>&nbsp;et&nbsp;<strong>Fabien Pauly<br><\/strong>Mise en sc\u00e8ne<strong>&nbsp;Mathilde Maumont<\/strong><\/p>\n\n\n\n<figure class=\"wp-block-image size-large\"><img loading=\"lazy\" decoding=\"async\" width=\"1024\" height=\"285\" src=\"https:\/\/lejonchet.fr\/wp-content\/uploads\/2023\/01\/Rif02-1024x285.jpg\" alt=\"\" class=\"wp-image-3406\" srcset=\"https:\/\/lejonchet.fr\/wp-content\/uploads\/2023\/01\/Rif02-1024x285.jpg 1024w, https:\/\/lejonchet.fr\/wp-content\/uploads\/2023\/01\/Rif02-300x84.jpg 300w, https:\/\/lejonchet.fr\/wp-content\/uploads\/2023\/01\/Rif02-768x214.jpg 768w, https:\/\/lejonchet.fr\/wp-content\/uploads\/2023\/01\/Rif02-690x192.jpg 690w, https:\/\/lejonchet.fr\/wp-content\/uploads\/2023\/01\/Rif02-980x273.jpg 980w, https:\/\/lejonchet.fr\/wp-content\/uploads\/2023\/01\/Rif02.jpg 1328w\" sizes=\"auto, (max-width: 1024px) 100vw, 1024px\" \/><\/figure>\n\n\n\n<p class=\"has-small-font-size\"><\/p>\n\n\n\n<p class=\"has-drop-cap\">Ils n&rsquo;auraient pas d\u00fb se rencontrer ce soir l\u00e0. Et pourtant, ils vont devoir assurer le service ensemble : Julot, le patron du bar, g\u00e8re les d\u00e9gustations et Paulo, assure l&rsquo;animation musicale.<br> Ils ne font pas partie du m\u00eame clan et luttent constamment contre cette envie qu&rsquo;ils ont\u2026 de devenir amis ! <br>Un combat savoureux contre leur f\u00e2cheuse tendance \u00e0 \u00eatre sympathiques. <br>C&rsquo;est \u00e7a le probl\u00e8me, c&rsquo;est que le vin r\u00e9jouit les c\u0153urs et rapproche les \u00e2mes. <br>Et quand le surr\u00e9alisme s&rsquo;en m\u00eale, que les bouteilles se multiplient \u00e0 l&rsquo;envi, que les pens\u00e9es se lisent au fond des verres et que les ballons continuent de se remplir alors qu&rsquo;il n&rsquo;y a que des cadavres sur la table, alors oui, il y a du rififi dans le jaja !!<\/p>\n\n\n\n<div class=\"wp-block-button alignright\"><a class=\"wp-block-button__link has-luminous-vivid-amber-background-color has-background wp-element-button\" href=\"https:\/\/lejonchet.fr\/index.php\/events\/rififi\/\" style=\"border-radius:39px\">R\u00e9servation&#8230;<\/a><\/div>\n\n\n\n<figure class=\"wp-block-gallery aligncenter has-nested-images columns-3 is-cropped wp-block-gallery-1 is-layout-flex wp-block-gallery-is-layout-flex\">\n<figure class=\"wp-block-image size-full\"><img loading=\"lazy\" decoding=\"async\" width=\"561\" height=\"400\" data-id=\"3407\" src=\"https:\/\/lejonchet.fr\/wp-content\/uploads\/2023\/01\/Rif03.jpg\" alt=\"\" class=\"wp-image-3407\" srcset=\"https:\/\/lejonchet.fr\/wp-content\/uploads\/2023\/01\/Rif03.jpg 561w, https:\/\/lejonchet.fr\/wp-content\/uploads\/2023\/01\/Rif03-300x214.jpg 300w\" sizes=\"auto, (max-width: 561px) 100vw, 561px\" \/><\/figure>\n\n\n\n<figure class=\"wp-block-image size-full\"><img loading=\"lazy\" decoding=\"async\" width=\"503\" height=\"400\" data-id=\"3408\" src=\"https:\/\/lejonchet.fr\/wp-content\/uploads\/2023\/01\/Rif04.jpg\" alt=\"\" class=\"wp-image-3408\" srcset=\"https:\/\/lejonchet.fr\/wp-content\/uploads\/2023\/01\/Rif04.jpg 503w, https:\/\/lejonchet.fr\/wp-content\/uploads\/2023\/01\/Rif04-300x239.jpg 300w\" sizes=\"auto, (max-width: 503px) 100vw, 503px\" \/><\/figure>\n\n\n\n<figure class=\"wp-block-image size-full\"><img loading=\"lazy\" decoding=\"async\" width=\"400\" height=\"400\" data-id=\"3409\" src=\"https:\/\/lejonchet.fr\/wp-content\/uploads\/2023\/01\/Rif05.jpg\" alt=\"\" class=\"wp-image-3409\" srcset=\"https:\/\/lejonchet.fr\/wp-content\/uploads\/2023\/01\/Rif05.jpg 400w, https:\/\/lejonchet.fr\/wp-content\/uploads\/2023\/01\/Rif05-300x300.jpg 300w, https:\/\/lejonchet.fr\/wp-content\/uploads\/2023\/01\/Rif05-150x150.jpg 150w\" sizes=\"auto, (max-width: 400px) 100vw, 400px\" \/><\/figure>\n<\/figure>\n\n\n\n<figure class=\"wp-block-embed is-type-video is-provider-youtube wp-block-embed-youtube wp-embed-aspect-16-9 wp-has-aspect-ratio\"><div class=\"wp-block-embed__wrapper\">\n<iframe loading=\"lazy\" title=\"&quot;Du Rififi dans l&#039;Jaja&quot;  \u00a9 Compagnie Imagine 2019\" width=\"980\" height=\"551\" src=\"https:\/\/www.youtube.com\/embed\/pWOerspQoxk?start=7&#038;feature=oembed\" frameborder=\"0\" allow=\"accelerometer; autoplay; clipboard-write; encrypted-media; gyroscope; picture-in-picture; web-share\" referrerpolicy=\"strict-origin-when-cross-origin\" allowfullscreen><\/iframe>\n<\/div><\/figure>\n","protected":false},"excerpt":{"rendered":"<p>RESERVATIONS : Samedi 18 mars 2023 \u00e0 20h30 Du rififi dans l&rsquo;jaja avec&nbsp;David Allain&nbsp;et&nbsp;Fabien PaulyMise en sc\u00e8ne&nbsp;Mathilde Maumont Ils n&rsquo;auraient pas d\u00fb se rencontrer ce soir l\u00e0. Et pourtant, ils vont devoir assurer le service ensemble : Julot, le patron du bar, g\u00e8re les d\u00e9gustations et Paulo, assure l&rsquo;animation musicale. Ils ne font pas partie [&hellip;]<\/p>\n","protected":false},"author":1,"featured_media":0,"parent":0,"menu_order":0,"comment_status":"closed","ping_status":"closed","template":"","meta":{"footnotes":""},"class_list":["post-3405","page","type-page","status-publish","hentry"],"_links":{"self":[{"href":"https:\/\/lejonchet.fr\/index.php\/wp-json\/wp\/v2\/pages\/3405","targetHints":{"allow":["GET"]}}],"collection":[{"href":"https:\/\/lejonchet.fr\/index.php\/wp-json\/wp\/v2\/pages"}],"about":[{"href":"https:\/\/lejonchet.fr\/index.php\/wp-json\/wp\/v2\/types\/page"}],"author":[{"embeddable":true,"href":"https:\/\/lejonchet.fr\/index.php\/wp-json\/wp\/v2\/users\/1"}],"replies":[{"embeddable":true,"href":"https:\/\/lejonchet.fr\/index.php\/wp-json\/wp\/v2\/comments?post=3405"}],"version-history":[{"count":4,"href":"https:\/\/lejonchet.fr\/index.php\/wp-json\/wp\/v2\/pages\/3405\/revisions"}],"predecessor-version":[{"id":3420,"href":"https:\/\/lejonchet.fr\/index.php\/wp-json\/wp\/v2\/pages\/3405\/revisions\/3420"}],"wp:attachment":[{"href":"https:\/\/lejonchet.fr\/index.php\/wp-json\/wp\/v2\/media?parent=3405"}],"curies":[{"name":"wp","href":"https:\/\/api.w.org\/{rel}","templated":true}]}}