{"id":3374,"date":"2023-01-18T15:50:53","date_gmt":"2023-01-18T14:50:53","guid":{"rendered":"https:\/\/lejonchet.fr\/?page_id=3374"},"modified":"2023-01-18T17:03:00","modified_gmt":"2023-01-18T16:03:00","slug":"musique-5","status":"publish","type":"page","link":"https:\/\/lejonchet.fr\/index.php\/musique-5\/","title":{"rendered":"Musique"},"content":{"rendered":"\n<figure class=\"wp-block-table alignright\"><table class=\"has-background\" style=\"background-color:#e7f5fe\"><tbody><tr><td class=\"has-text-align-right\" data-align=\"right\">RESERVATIONS :<br> <strong><mark style=\"background-color:rgba(0, 0, 0, 0)\" class=\"has-inline-color has-vivid-cyan-blue-color\"><a href=\"https:\/\/lejonchet.fr\/index.php\/events\/exploration\/\">Samedi 25 mars 2023 \u00e0 20h30<\/a><\/mark><\/strong><\/td><\/tr><\/tbody><\/table><\/figure>\n\n\n\n<p class=\"has-vivid-red-color has-text-color\" style=\"font-size:40px\"><strong>Exploration<\/strong><\/p>\n\n\n\n<p>par <strong>Evan Goodrow<\/strong> (guitare, chants), <strong>Daniel Ouvrard<\/strong> (basse), et <strong>J\u00e9sus Aured<\/strong> (accord\u00e9on)<\/p>\n\n\n\n<figure class=\"wp-block-image size-large\"><img loading=\"lazy\" decoding=\"async\" width=\"1024\" height=\"243\" src=\"https:\/\/lejonchet.fr\/wp-content\/uploads\/2023\/01\/Im02-1-1024x243.jpg\" alt=\"\" class=\"wp-image-3375\" srcset=\"https:\/\/lejonchet.fr\/wp-content\/uploads\/2023\/01\/Im02-1-1024x243.jpg 1024w, https:\/\/lejonchet.fr\/wp-content\/uploads\/2023\/01\/Im02-1-300x71.jpg 300w, https:\/\/lejonchet.fr\/wp-content\/uploads\/2023\/01\/Im02-1-768x182.jpg 768w, https:\/\/lejonchet.fr\/wp-content\/uploads\/2023\/01\/Im02-1-1536x365.jpg 1536w, https:\/\/lejonchet.fr\/wp-content\/uploads\/2023\/01\/Im02-1-690x164.jpg 690w, https:\/\/lejonchet.fr\/wp-content\/uploads\/2023\/01\/Im02-1-980x233.jpg 980w, https:\/\/lejonchet.fr\/wp-content\/uploads\/2023\/01\/Im02-1.jpg 1600w\" sizes=\"auto, (max-width: 1024px) 100vw, 1024px\" \/><\/figure>\n\n\n\n<p class=\"has-small-font-size\"><\/p>\n\n\n\n<p class=\"has-drop-cap\">Voil\u00e0 trois solistes singuliers et particuli\u00e8rement cr\u00e9atifs. La symbiose de leurs arrangements offre une perception des jeux respectifs qui nous investit. Un trio travers\u00e9 par le groove qui trouve l\u00e0 toute sa raison d\u2019\u00eatre\u2026 <\/p>\n\n\n\n<p>Spectacle tout public, piment\u00e9 et joyeux, \u00e0 chanter, \u00e0 danser, \u00e0 aimer, \u00e0 vivre.<br>Blues, jazz, soul, world : <strong>une musique du monde\u2026<\/strong><\/p>\n\n\n\n<p><em>\u00ab Les nouvelles exp\u00e9riences musicales sont toujours s\u00e9duisantes. Il y a une sorte de magie qui s&rsquo;op\u00e8re au d\u00e9marrage d&rsquo;un groupe, et c&rsquo;est cette magie-l\u00e0 que les jazzmen recherchent. Une certaine fraicheur,<br>une impertinence certaine, une connexion tr\u00e8s sp\u00e9ciale entre des personnes qui ne se connaissent pas.<br>Sur sc\u00e8ne, c&rsquo;est un \u00e9quilibre sans filet qui se cr\u00e9e, in\u00e9dit, f\u00e9\u00e9rique. \u00bb<\/em> Evan Goodrow<\/p>\n\n\n\n<div class=\"wp-block-button alignright\"><a class=\"wp-block-button__link has-luminous-vivid-amber-background-color has-background wp-element-button\" href=\"https:\/\/lejonchet.fr\/index.php\/events\/exploration\/\" style=\"border-radius:39px\">R\u00e9servation&#8230;<\/a><\/div>\n\n\n\n<figure class=\"wp-block-gallery aligncenter has-nested-images columns-3 is-cropped wp-block-gallery-1 is-layout-flex wp-block-gallery-is-layout-flex\">\n<figure class=\"wp-block-image size-full\"><img loading=\"lazy\" decoding=\"async\" width=\"461\" height=\"461\" data-id=\"3377\" src=\"https:\/\/lejonchet.fr\/wp-content\/uploads\/2023\/01\/Im03-1.jpg\" alt=\"\" class=\"wp-image-3377\" srcset=\"https:\/\/lejonchet.fr\/wp-content\/uploads\/2023\/01\/Im03-1.jpg 461w, https:\/\/lejonchet.fr\/wp-content\/uploads\/2023\/01\/Im03-1-300x300.jpg 300w, https:\/\/lejonchet.fr\/wp-content\/uploads\/2023\/01\/Im03-1-150x150.jpg 150w\" sizes=\"auto, (max-width: 461px) 100vw, 461px\" \/><\/figure>\n\n\n\n<figure class=\"wp-block-image size-full\"><img loading=\"lazy\" decoding=\"async\" width=\"400\" height=\"400\" data-id=\"3378\" src=\"https:\/\/lejonchet.fr\/wp-content\/uploads\/2023\/01\/Im06.jpg\" alt=\"\" class=\"wp-image-3378\" srcset=\"https:\/\/lejonchet.fr\/wp-content\/uploads\/2023\/01\/Im06.jpg 400w, https:\/\/lejonchet.fr\/wp-content\/uploads\/2023\/01\/Im06-300x300.jpg 300w, https:\/\/lejonchet.fr\/wp-content\/uploads\/2023\/01\/Im06-150x150.jpg 150w\" sizes=\"auto, (max-width: 400px) 100vw, 400px\" \/><\/figure>\n\n\n\n<figure class=\"wp-block-image size-full\"><img loading=\"lazy\" decoding=\"async\" width=\"400\" height=\"400\" data-id=\"3380\" src=\"https:\/\/lejonchet.fr\/wp-content\/uploads\/2023\/01\/Im07.jpg\" alt=\"\" class=\"wp-image-3380\" srcset=\"https:\/\/lejonchet.fr\/wp-content\/uploads\/2023\/01\/Im07.jpg 400w, https:\/\/lejonchet.fr\/wp-content\/uploads\/2023\/01\/Im07-300x300.jpg 300w, https:\/\/lejonchet.fr\/wp-content\/uploads\/2023\/01\/Im07-150x150.jpg 150w\" sizes=\"auto, (max-width: 400px) 100vw, 400px\" \/><\/figure>\n<\/figure>\n\n\n\n<figure class=\"wp-block-embed is-type-video is-provider-youtube wp-block-embed-youtube wp-embed-aspect-4-3 wp-has-aspect-ratio\"><div class=\"wp-block-embed__wrapper\">\n<iframe loading=\"lazy\" title=\"Evan Goodrow \/ Daniel Ouvrard TEASER 2020 (avec Philippe Eliez &amp; Beno\u00eet Roumaillac) Prod HDBL\/Lh\u00e9cho\" width=\"980\" height=\"735\" src=\"https:\/\/www.youtube.com\/embed\/3dAUKwqKlEo?feature=oembed\" frameborder=\"0\" allow=\"accelerometer; autoplay; clipboard-write; encrypted-media; gyroscope; picture-in-picture; web-share\" allowfullscreen><\/iframe>\n<\/div><\/figure>\n\n\n\n<figure class=\"wp-block-embed is-type-video is-provider-youtube wp-block-embed-youtube wp-embed-aspect-16-9 wp-has-aspect-ratio\"><div class=\"wp-block-embed__wrapper\">\n<iframe loading=\"lazy\" title=\"JESUS AURED    Sous le ciel de Paris  Hubert Giraud\" width=\"980\" height=\"551\" src=\"https:\/\/www.youtube.com\/embed\/fp-WjWaJOE8?start=9&#038;feature=oembed\" frameborder=\"0\" allow=\"accelerometer; autoplay; clipboard-write; encrypted-media; gyroscope; picture-in-picture; web-share\" allowfullscreen><\/iframe>\n<\/div><\/figure>\n","protected":false},"excerpt":{"rendered":"<p>RESERVATIONS : Samedi 25 mars 2023 \u00e0 20h30 Exploration par Evan Goodrow (guitare, chants), Daniel Ouvrard (basse), et J\u00e9sus Aured (accord\u00e9on) Voil\u00e0 trois solistes singuliers et particuli\u00e8rement cr\u00e9atifs. La symbiose de leurs arrangements offre une perception des jeux respectifs qui nous investit. Un trio travers\u00e9 par le groove qui trouve l\u00e0 toute sa raison d\u2019\u00eatre\u2026 [&hellip;]<\/p>\n","protected":false},"author":1,"featured_media":0,"parent":0,"menu_order":0,"comment_status":"closed","ping_status":"closed","template":"","meta":{"footnotes":""},"class_list":["post-3374","page","type-page","status-publish","hentry"],"_links":{"self":[{"href":"https:\/\/lejonchet.fr\/index.php\/wp-json\/wp\/v2\/pages\/3374","targetHints":{"allow":["GET"]}}],"collection":[{"href":"https:\/\/lejonchet.fr\/index.php\/wp-json\/wp\/v2\/pages"}],"about":[{"href":"https:\/\/lejonchet.fr\/index.php\/wp-json\/wp\/v2\/types\/page"}],"author":[{"embeddable":true,"href":"https:\/\/lejonchet.fr\/index.php\/wp-json\/wp\/v2\/users\/1"}],"replies":[{"embeddable":true,"href":"https:\/\/lejonchet.fr\/index.php\/wp-json\/wp\/v2\/comments?post=3374"}],"version-history":[{"count":7,"href":"https:\/\/lejonchet.fr\/index.php\/wp-json\/wp\/v2\/pages\/3374\/revisions"}],"predecessor-version":[{"id":3399,"href":"https:\/\/lejonchet.fr\/index.php\/wp-json\/wp\/v2\/pages\/3374\/revisions\/3399"}],"wp:attachment":[{"href":"https:\/\/lejonchet.fr\/index.php\/wp-json\/wp\/v2\/media?parent=3374"}],"curies":[{"name":"wp","href":"https:\/\/api.w.org\/{rel}","templated":true}]}}