{"id":3354,"date":"2023-01-04T12:22:58","date_gmt":"2023-01-04T11:22:58","guid":{"rendered":"https:\/\/lejonchet.fr\/?page_id=3354"},"modified":"2023-01-04T12:32:46","modified_gmt":"2023-01-04T11:32:46","slug":"musique-4","status":"publish","type":"page","link":"https:\/\/lejonchet.fr\/index.php\/musique-4\/","title":{"rendered":"Musique"},"content":{"rendered":"\n<figure class=\"wp-block-table alignright\"><table class=\"has-background\" style=\"background-color:#e7f5fe\"><tbody><tr><td class=\"has-text-align-right\" data-align=\"right\">RESERVATIONS :<br> <strong><mark style=\"background-color:rgba(0, 0, 0, 0)\" class=\"has-inline-color has-vivid-cyan-blue-color\"><a href=\"https:\/\/lejonchet.fr\/index.php\/events\/dad\/\">Samedi 4 mars 2023 \u00e0 20h30<\/a><\/mark><\/strong><\/td><\/tr><\/tbody><\/table><\/figure>\n\n\n\n<p class=\"has-vivid-red-color has-text-color\" style=\"font-size:40px\"><strong>D.A.D en concert<\/strong><\/p>\n\n\n\n<p>par <strong>Philippe Dupau<\/strong> (guitares, chants, harmonicas) <br>et <strong>Cyril Arnaud<\/strong> (guitares, chants, stomp box, harmonicas) <\/p>\n\n\n\n<figure class=\"wp-block-image size-full\"><img loading=\"lazy\" decoding=\"async\" width=\"864\" height=\"223\" src=\"https:\/\/lejonchet.fr\/wp-content\/uploads\/2023\/01\/Im01.jpg\" alt=\"\" class=\"wp-image-3355\" srcset=\"https:\/\/lejonchet.fr\/wp-content\/uploads\/2023\/01\/Im01.jpg 864w, https:\/\/lejonchet.fr\/wp-content\/uploads\/2023\/01\/Im01-300x77.jpg 300w, https:\/\/lejonchet.fr\/wp-content\/uploads\/2023\/01\/Im01-768x198.jpg 768w, https:\/\/lejonchet.fr\/wp-content\/uploads\/2023\/01\/Im01-690x178.jpg 690w\" sizes=\"auto, (max-width: 864px) 100vw, 864px\" \/><\/figure>\n\n\n\n<p class=\"has-small-font-size\"><\/p>\n\n\n\n<p><strong>R\u00e9pertoire de compositions Rock\/ Folk teint\u00e9 de Blues et chant\u00e9 en Fran\u00e7ais\u2026<\/strong><\/p>\n\n\n\n<p>Du blues ? &nbsp;Blues franco-phonique ? &nbsp;Des Voix, des Harmo, des guitares acoustiques ? <br>D.A.D. duo musical est n\u00e9 d&rsquo;une rencontre humaine.&nbsp;<br><strong>Dupau Arnaud Duo<\/strong>&nbsp; Chanson Rock Folk francophone acoustique et po\u00e9tique teint\u00e9e de blues.&nbsp;<\/p>\n\n\n\n<p><strong>Philippe DUPAU, Cyril ARNAUD<\/strong> <br>Deux voix, deux guitares et deux harmonicas comme plumes, leurs corps et \u00e2mes pour les conduire.&nbsp;&nbsp;Leur v\u00e9cu, leurs vibrations \u00e9motionnelles pour encre blues d\u00e9livr\u00e9e en nos c\u0153urs, bient\u00f4t sur nos sc\u00e8nes.&nbsp;<br>Tous deux auteurs, compositeurs, interpr\u00e8tes.<\/p>\n\n\n\n<div class=\"wp-block-button alignright\"><a class=\"wp-block-button__link has-luminous-vivid-amber-background-color has-background wp-element-button\" href=\"https:\/\/lejonchet.fr\/index.php\/events\/dad\/\" style=\"border-radius:39px\">R\u00e9servation&#8230;<\/a><\/div>\n\n\n\n<figure class=\"wp-block-gallery aligncenter has-nested-images columns-3 wp-block-gallery-1 is-layout-flex wp-block-gallery-is-layout-flex\">\n<figure class=\"wp-block-image size-full\"><img loading=\"lazy\" decoding=\"async\" width=\"596\" height=\"512\" data-id=\"3357\" src=\"https:\/\/lejonchet.fr\/wp-content\/uploads\/2023\/01\/Im04.jpg\" alt=\"\" class=\"wp-image-3357\" srcset=\"https:\/\/lejonchet.fr\/wp-content\/uploads\/2023\/01\/Im04.jpg 596w, https:\/\/lejonchet.fr\/wp-content\/uploads\/2023\/01\/Im04-300x258.jpg 300w\" sizes=\"auto, (max-width: 596px) 100vw, 596px\" \/><\/figure>\n\n\n\n<figure class=\"wp-block-image size-full\"><img loading=\"lazy\" decoding=\"async\" width=\"600\" height=\"497\" data-id=\"3358\" src=\"https:\/\/lejonchet.fr\/wp-content\/uploads\/2023\/01\/Im05.jpg\" alt=\"\" class=\"wp-image-3358\" srcset=\"https:\/\/lejonchet.fr\/wp-content\/uploads\/2023\/01\/Im05.jpg 600w, https:\/\/lejonchet.fr\/wp-content\/uploads\/2023\/01\/Im05-300x249.jpg 300w\" sizes=\"auto, (max-width: 600px) 100vw, 600px\" \/><\/figure>\n<\/figure>\n\n\n\n<figure class=\"wp-block-embed is-type-video is-provider-youtube wp-block-embed-youtube wp-embed-aspect-16-9 wp-has-aspect-ratio\"><div class=\"wp-block-embed__wrapper\">\n<iframe loading=\"lazy\" title=\"DAD Dupau Arnaud Duo pr\u00e9sente son album et concert INDIEN\" width=\"980\" height=\"551\" src=\"https:\/\/www.youtube.com\/embed\/LROxCuOqeTM?feature=oembed\" frameborder=\"0\" allow=\"accelerometer; autoplay; clipboard-write; encrypted-media; gyroscope; picture-in-picture; web-share\" allowfullscreen><\/iframe>\n<\/div><\/figure>\n","protected":false},"excerpt":{"rendered":"<p>RESERVATIONS : Samedi 4 mars 2023 \u00e0 20h30 D.A.D en concert par Philippe Dupau (guitares, chants, harmonicas) et Cyril Arnaud (guitares, chants, stomp box, harmonicas) R\u00e9pertoire de compositions Rock\/ Folk teint\u00e9 de Blues et chant\u00e9 en Fran\u00e7ais\u2026 Du blues ? &nbsp;Blues franco-phonique ? &nbsp;Des Voix, des Harmo, des guitares acoustiques ? D.A.D. duo musical est [&hellip;]<\/p>\n","protected":false},"author":1,"featured_media":0,"parent":0,"menu_order":0,"comment_status":"closed","ping_status":"closed","template":"","meta":{"footnotes":""},"class_list":["post-3354","page","type-page","status-publish","hentry"],"_links":{"self":[{"href":"https:\/\/lejonchet.fr\/index.php\/wp-json\/wp\/v2\/pages\/3354","targetHints":{"allow":["GET"]}}],"collection":[{"href":"https:\/\/lejonchet.fr\/index.php\/wp-json\/wp\/v2\/pages"}],"about":[{"href":"https:\/\/lejonchet.fr\/index.php\/wp-json\/wp\/v2\/types\/page"}],"author":[{"embeddable":true,"href":"https:\/\/lejonchet.fr\/index.php\/wp-json\/wp\/v2\/users\/1"}],"replies":[{"embeddable":true,"href":"https:\/\/lejonchet.fr\/index.php\/wp-json\/wp\/v2\/comments?post=3354"}],"version-history":[{"count":6,"href":"https:\/\/lejonchet.fr\/index.php\/wp-json\/wp\/v2\/pages\/3354\/revisions"}],"predecessor-version":[{"id":3365,"href":"https:\/\/lejonchet.fr\/index.php\/wp-json\/wp\/v2\/pages\/3354\/revisions\/3365"}],"wp:attachment":[{"href":"https:\/\/lejonchet.fr\/index.php\/wp-json\/wp\/v2\/media?parent=3354"}],"curies":[{"name":"wp","href":"https:\/\/api.w.org\/{rel}","templated":true}]}}