{"id":3084,"date":"2022-09-17T11:04:04","date_gmt":"2022-09-17T09:04:04","guid":{"rendered":"https:\/\/lejonchet.fr\/?page_id=3084"},"modified":"2022-09-17T11:19:52","modified_gmt":"2022-09-17T09:19:52","slug":"theatre-15","status":"publish","type":"page","link":"https:\/\/lejonchet.fr\/index.php\/theatre-15\/","title":{"rendered":"Th\u00e9\u00e2tre"},"content":{"rendered":"\n<figure class=\"wp-block-table alignright\"><table class=\"has-background\" style=\"background-color:#e7f5fe\"><tbody><tr><td class=\"has-text-align-right\" data-align=\"right\">RESERVATIONS :<br> <mark style=\"background-color: rgba(0, 0, 0, 0);\" class=\"has-inline-color has-vivid-cyan-blue-color\"><b><a href=\"https:\/\/lejonchet.fr\/index.php\/events\/corees\/\">Vendredi 2 d\u00e9cembre 2022 \u00e0 20h30<\/a><\/b><\/mark><\/td><\/tr><\/tbody><\/table><\/figure>\n\n\n\n<p class=\"has-vivid-red-color has-text-color\" style=\"font-size:40px\"><strong>\u00ab\u00a0La r\u00e9unification des 2 Cor\u00e9es\u00a0\u00bb<\/strong><\/p>\n\n\n\n<p>de Jo\u00ebl POMMERAT<\/p>\n\n\n\n<p class=\"has-vivid-red-color has-text-color has-medium-font-size\"><strong><em>par Th\u00e9\u00e2tre Expression<\/em><\/strong><\/p>\n\n\n\n<figure class=\"wp-block-image size-large\"><img loading=\"lazy\" decoding=\"async\" width=\"1024\" height=\"286\" src=\"https:\/\/lejonchet.fr\/wp-content\/uploads\/2022\/09\/Corees02-1-1024x286.jpg\" alt=\"\" class=\"wp-image-3088\" srcset=\"https:\/\/lejonchet.fr\/wp-content\/uploads\/2022\/09\/Corees02-1-1024x286.jpg 1024w, https:\/\/lejonchet.fr\/wp-content\/uploads\/2022\/09\/Corees02-1-300x84.jpg 300w, https:\/\/lejonchet.fr\/wp-content\/uploads\/2022\/09\/Corees02-1-768x214.jpg 768w, https:\/\/lejonchet.fr\/wp-content\/uploads\/2022\/09\/Corees02-1-690x192.jpg 690w, https:\/\/lejonchet.fr\/wp-content\/uploads\/2022\/09\/Corees02-1-980x273.jpg 980w, https:\/\/lejonchet.fr\/wp-content\/uploads\/2022\/09\/Corees02-1.jpg 1079w\" sizes=\"auto, (max-width: 1024px) 100vw, 1024px\" \/><\/figure>\n\n\n\n<p class=\"has-drop-cap\">Pour rire, s&rsquo;\u00e9mouvoir, s&rsquo;\u00e9tonner et, parfois m\u00eame, pleurer devant cette qu\u00eate \u00e9perdue, tant\u00f4t tragique tant\u00f4t comique, que m\u00e8nent depuis la nuit des temps dans une m\u00eame danse, Femmes et Hommes.<br>Sur sc\u00e8ne, huit com\u00e9diens\/com\u00e9diennes incarnent avec passion des personnages de la vie ordinaire, aux prises avec les affres des sentiments.<br>En somme, l&rsquo;Amour dans tous ses \u00e9tats !&nbsp;<\/p>\n\n\n\n<figure class=\"wp-block-gallery aligncenter has-nested-images columns-3 wp-block-gallery-1 is-layout-flex wp-block-gallery-is-layout-flex\">\n<figure class=\"wp-block-image size-full\"><img loading=\"lazy\" decoding=\"async\" width=\"400\" height=\"400\" data-id=\"3086\" src=\"https:\/\/lejonchet.fr\/wp-content\/uploads\/2022\/09\/Corees04.jpg\" alt=\"\" class=\"wp-image-3086\" srcset=\"https:\/\/lejonchet.fr\/wp-content\/uploads\/2022\/09\/Corees04.jpg 400w, https:\/\/lejonchet.fr\/wp-content\/uploads\/2022\/09\/Corees04-300x300.jpg 300w, https:\/\/lejonchet.fr\/wp-content\/uploads\/2022\/09\/Corees04-150x150.jpg 150w\" sizes=\"auto, (max-width: 400px) 100vw, 400px\" \/><\/figure>\n\n\n\n<figure class=\"wp-block-image size-full\"><img loading=\"lazy\" decoding=\"async\" width=\"400\" height=\"400\" data-id=\"3087\" src=\"https:\/\/lejonchet.fr\/wp-content\/uploads\/2022\/09\/Corees05.jpg\" alt=\"\" class=\"wp-image-3087\" srcset=\"https:\/\/lejonchet.fr\/wp-content\/uploads\/2022\/09\/Corees05.jpg 400w, https:\/\/lejonchet.fr\/wp-content\/uploads\/2022\/09\/Corees05-300x300.jpg 300w, https:\/\/lejonchet.fr\/wp-content\/uploads\/2022\/09\/Corees05-150x150.jpg 150w\" sizes=\"auto, (max-width: 400px) 100vw, 400px\" \/><\/figure>\n<\/figure>\n\n\n\n<div class=\"wp-block-button alignright\"><a class=\"wp-block-button__link has-luminous-vivid-amber-background-color has-background\" href=\"https:\/\/lejonchet.fr\/index.php\/agenda\/\" style=\"border-radius:39px\">R\u00e9servation&#8230;<\/a><\/div>\n\n\n\n<p class=\"has-small-font-size\"><em>Spectacle tout public (\u00e0 partir de 12 ans)<\/em><\/p>\n\n\n\n<p class=\"has-small-font-size\"><strong>Avec :<br><\/strong>JB Benony, Sandra Carrouchet, Marielle Demarat, H\u00e9l\u00e8ne Fabre, H\u00e9l\u00e8ne Juiliard, Ludovic Kosolosky, Sandrine Moreau et Dominique Sa\u00efta.<strong><br>Adaptation et mise en sc\u00e8ne :<br><\/strong>Myriam Vicq <br><strong>Cr\u00e9ation lumi\u00e8res :<br><\/strong>Mathieu Chala<\/p>\n\n\n\n<p class=\"has-small-font-size\"><strong>Dur\u00e9e :<\/strong>&nbsp;1h30<\/p>\n","protected":false},"excerpt":{"rendered":"<p>RESERVATIONS : Vendredi 2 d\u00e9cembre 2022 \u00e0 20h30 \u00ab\u00a0La r\u00e9unification des 2 Cor\u00e9es\u00a0\u00bb de Jo\u00ebl POMMERAT par Th\u00e9\u00e2tre Expression Pour rire, s&rsquo;\u00e9mouvoir, s&rsquo;\u00e9tonner et, parfois m\u00eame, pleurer devant cette qu\u00eate \u00e9perdue, tant\u00f4t tragique tant\u00f4t comique, que m\u00e8nent depuis la nuit des temps dans une m\u00eame danse, Femmes et Hommes.Sur sc\u00e8ne, huit com\u00e9diens\/com\u00e9diennes incarnent avec passion [&hellip;]<\/p>\n","protected":false},"author":1,"featured_media":0,"parent":0,"menu_order":0,"comment_status":"closed","ping_status":"closed","template":"","meta":{"footnotes":""},"class_list":["post-3084","page","type-page","status-publish","hentry"],"_links":{"self":[{"href":"https:\/\/lejonchet.fr\/index.php\/wp-json\/wp\/v2\/pages\/3084","targetHints":{"allow":["GET"]}}],"collection":[{"href":"https:\/\/lejonchet.fr\/index.php\/wp-json\/wp\/v2\/pages"}],"about":[{"href":"https:\/\/lejonchet.fr\/index.php\/wp-json\/wp\/v2\/types\/page"}],"author":[{"embeddable":true,"href":"https:\/\/lejonchet.fr\/index.php\/wp-json\/wp\/v2\/users\/1"}],"replies":[{"embeddable":true,"href":"https:\/\/lejonchet.fr\/index.php\/wp-json\/wp\/v2\/comments?post=3084"}],"version-history":[{"count":3,"href":"https:\/\/lejonchet.fr\/index.php\/wp-json\/wp\/v2\/pages\/3084\/revisions"}],"predecessor-version":[{"id":3101,"href":"https:\/\/lejonchet.fr\/index.php\/wp-json\/wp\/v2\/pages\/3084\/revisions\/3101"}],"wp:attachment":[{"href":"https:\/\/lejonchet.fr\/index.php\/wp-json\/wp\/v2\/media?parent=3084"}],"curies":[{"name":"wp","href":"https:\/\/api.w.org\/{rel}","templated":true}]}}