{"id":2693,"date":"2022-07-07T13:15:03","date_gmt":"2022-07-07T11:15:03","guid":{"rendered":"https:\/\/lejonchet.fr\/?page_id=2693"},"modified":"2022-10-31T14:12:02","modified_gmt":"2022-10-31T13:12:02","slug":"theatre-13","status":"publish","type":"page","link":"https:\/\/lejonchet.fr\/index.php\/theatre-13\/","title":{"rendered":"Th\u00e9\u00e2tre"},"content":{"rendered":"\n<figure class=\"wp-block-table alignright\"><table class=\"has-background\" style=\"background-color:#e7f5fe\"><tbody><tr><td class=\"has-text-align-right\" data-align=\"right\">RESERVATIONS :<br> <strong><a href=\"https:\/\/lejonchet.fr\/?post_type=event&amp;p=2708&amp;preview=true\">Dimanche 20 novembre \u00e0 15h30<\/a><\/strong><\/td><\/tr><\/tbody><\/table><\/figure>\n\n\n\n<p class=\"has-vivid-red-color has-text-color\" style=\"font-size:40px\"><strong>\u00ab\u00a0Nunzio\u00a0\u00bb<\/strong><\/p>\n\n\n\n<p>de Spiro Scimone<\/p>\n\n\n\n<p class=\"has-vivid-red-color has-text-color has-medium-font-size\"><strong><em>par le collectif Les F\u00e9tiches<\/em><\/strong><\/p>\n\n\n\n<figure class=\"wp-block-image size-large\"><img loading=\"lazy\" decoding=\"async\" width=\"1024\" height=\"282\" src=\"https:\/\/lejonchet.fr\/wp-content\/uploads\/2022\/07\/Nun03-1024x282.jpg\" alt=\"\" class=\"wp-image-2694\" srcset=\"https:\/\/lejonchet.fr\/wp-content\/uploads\/2022\/07\/Nun03-1024x282.jpg 1024w, https:\/\/lejonchet.fr\/wp-content\/uploads\/2022\/07\/Nun03-300x83.jpg 300w, https:\/\/lejonchet.fr\/wp-content\/uploads\/2022\/07\/Nun03-768x211.jpg 768w, https:\/\/lejonchet.fr\/wp-content\/uploads\/2022\/07\/Nun03-1536x422.jpg 1536w, https:\/\/lejonchet.fr\/wp-content\/uploads\/2022\/07\/Nun03-690x190.jpg 690w, https:\/\/lejonchet.fr\/wp-content\/uploads\/2022\/07\/Nun03-980x270.jpg 980w, https:\/\/lejonchet.fr\/wp-content\/uploads\/2022\/07\/Nun03.jpg 1600w\" sizes=\"auto, (max-width: 1024px) 100vw, 1024px\" \/><\/figure>\n\n\n\n<p class=\"has-drop-cap\">\u00c9crit en dialecte de Messine (sicilien), Spiro Scimone d\u00e9peint dans cette pi\u00e8ce un apart\u00e9, une parenth\u00e8se dans la vie de deux hommes, Pino et Nunzio. Les deux hommes partagent le m\u00eame appartement. L&rsquo;un est un simple ouvrier que le travail \u00e0 l&rsquo;usine a rendu malade, l&rsquo;autre est plus myst\u00e9rieux et re\u00e7oit de curieuses enveloppes remplies d&rsquo;argent.<br>R\u00e9elle amiti\u00e9, ou simple solidarit\u00e9 de deux \u00eatre \u00e9gar\u00e9s dans une Italie \u00e0 la d\u00e9rive?<br>Scimone nous fait d\u00e9couvrir un univers rempli de po\u00e9sie, une po\u00e9sie sans vers et \u00e0 la prose concr\u00e8te, une po\u00e9sie du r\u00e9el, pleine de chaleur humaine.<\/p>\n\n\n\n<figure class=\"wp-block-embed is-type-video is-provider-vimeo wp-block-embed-vimeo wp-embed-aspect-16-9 wp-has-aspect-ratio\"><div class=\"wp-block-embed__wrapper\">\n<iframe loading=\"lazy\" title=\"Teaser Nunzio\" src=\"https:\/\/player.vimeo.com\/video\/686651952?h=095908c03c&amp;dnt=1&amp;app_id=122963\" width=\"980\" height=\"551\" frameborder=\"0\" allow=\"autoplay; fullscreen; picture-in-picture\" allowfullscreen><\/iframe>\n<\/div><\/figure>\n\n\n\n<figure class=\"wp-block-gallery aligncenter has-nested-images columns-4 wp-block-gallery-1 is-layout-flex wp-block-gallery-is-layout-flex\">\n<figure class=\"wp-block-image size-full\"><img loading=\"lazy\" decoding=\"async\" width=\"400\" height=\"400\" data-id=\"2695\" src=\"https:\/\/lejonchet.fr\/wp-content\/uploads\/2022\/07\/Nun04.jpg\" alt=\"\" class=\"wp-image-2695\" srcset=\"https:\/\/lejonchet.fr\/wp-content\/uploads\/2022\/07\/Nun04.jpg 400w, https:\/\/lejonchet.fr\/wp-content\/uploads\/2022\/07\/Nun04-300x300.jpg 300w, https:\/\/lejonchet.fr\/wp-content\/uploads\/2022\/07\/Nun04-150x150.jpg 150w\" sizes=\"auto, (max-width: 400px) 100vw, 400px\" \/><\/figure>\n\n\n\n<figure class=\"wp-block-image size-full\"><img loading=\"lazy\" decoding=\"async\" width=\"400\" height=\"400\" data-id=\"2696\" src=\"https:\/\/lejonchet.fr\/wp-content\/uploads\/2022\/07\/Nun05.jpg\" alt=\"\" class=\"wp-image-2696\" srcset=\"https:\/\/lejonchet.fr\/wp-content\/uploads\/2022\/07\/Nun05.jpg 400w, https:\/\/lejonchet.fr\/wp-content\/uploads\/2022\/07\/Nun05-300x300.jpg 300w, https:\/\/lejonchet.fr\/wp-content\/uploads\/2022\/07\/Nun05-150x150.jpg 150w\" sizes=\"auto, (max-width: 400px) 100vw, 400px\" \/><\/figure>\n\n\n\n<figure class=\"wp-block-image size-full\"><img loading=\"lazy\" decoding=\"async\" width=\"401\" height=\"401\" data-id=\"2697\" src=\"https:\/\/lejonchet.fr\/wp-content\/uploads\/2022\/07\/Nun06.jpg\" alt=\"\" class=\"wp-image-2697\" srcset=\"https:\/\/lejonchet.fr\/wp-content\/uploads\/2022\/07\/Nun06.jpg 401w, https:\/\/lejonchet.fr\/wp-content\/uploads\/2022\/07\/Nun06-300x300.jpg 300w, https:\/\/lejonchet.fr\/wp-content\/uploads\/2022\/07\/Nun06-150x150.jpg 150w\" sizes=\"auto, (max-width: 401px) 100vw, 401px\" \/><\/figure>\n\n\n\n<figure class=\"wp-block-image size-large\"><img loading=\"lazy\" decoding=\"async\" width=\"400\" height=\"400\" data-id=\"2698\" src=\"https:\/\/lejonchet.fr\/wp-content\/uploads\/2022\/07\/Nun07.jpg\" alt=\"\" class=\"wp-image-2698\" srcset=\"https:\/\/lejonchet.fr\/wp-content\/uploads\/2022\/07\/Nun07.jpg 400w, https:\/\/lejonchet.fr\/wp-content\/uploads\/2022\/07\/Nun07-300x300.jpg 300w, https:\/\/lejonchet.fr\/wp-content\/uploads\/2022\/07\/Nun07-150x150.jpg 150w\" sizes=\"auto, (max-width: 400px) 100vw, 400px\" \/><\/figure>\n<\/figure>\n\n\n\n<div class=\"wp-block-button alignright\"><a class=\"wp-block-button__link has-luminous-vivid-amber-background-color has-background\" href=\"https:\/\/lejonchet.fr\/index.php\/agenda\/\" style=\"border-radius:39px\">R\u00e9servation&#8230;<\/a><\/div>\n\n\n\n<p class=\"has-small-font-size\"><strong>Avec :<br><\/strong>Benoit FOULON et Etienne COCUELLE <strong><br>Mise en sc\u00e8ne :<br><\/strong>Mehdi Thomas <br><\/p>\n\n\n\n<p class=\"has-small-font-size\"><strong>Dur\u00e9e :<\/strong>&nbsp;1h00<\/p>\n","protected":false},"excerpt":{"rendered":"<p>RESERVATIONS : Dimanche 20 novembre \u00e0 15h30 \u00ab\u00a0Nunzio\u00a0\u00bb de Spiro Scimone par le collectif Les F\u00e9tiches \u00c9crit en dialecte de Messine (sicilien), Spiro Scimone d\u00e9peint dans cette pi\u00e8ce un apart\u00e9, une parenth\u00e8se dans la vie de deux hommes, Pino et Nunzio. Les deux hommes partagent le m\u00eame appartement. L&rsquo;un est un simple ouvrier que le [&hellip;]<\/p>\n","protected":false},"author":1,"featured_media":0,"parent":0,"menu_order":0,"comment_status":"closed","ping_status":"closed","template":"","meta":{"footnotes":""},"class_list":["post-2693","page","type-page","status-publish","hentry"],"_links":{"self":[{"href":"https:\/\/lejonchet.fr\/index.php\/wp-json\/wp\/v2\/pages\/2693","targetHints":{"allow":["GET"]}}],"collection":[{"href":"https:\/\/lejonchet.fr\/index.php\/wp-json\/wp\/v2\/pages"}],"about":[{"href":"https:\/\/lejonchet.fr\/index.php\/wp-json\/wp\/v2\/types\/page"}],"author":[{"embeddable":true,"href":"https:\/\/lejonchet.fr\/index.php\/wp-json\/wp\/v2\/users\/1"}],"replies":[{"embeddable":true,"href":"https:\/\/lejonchet.fr\/index.php\/wp-json\/wp\/v2\/comments?post=2693"}],"version-history":[{"count":7,"href":"https:\/\/lejonchet.fr\/index.php\/wp-json\/wp\/v2\/pages\/2693\/revisions"}],"predecessor-version":[{"id":3192,"href":"https:\/\/lejonchet.fr\/index.php\/wp-json\/wp\/v2\/pages\/2693\/revisions\/3192"}],"wp:attachment":[{"href":"https:\/\/lejonchet.fr\/index.php\/wp-json\/wp\/v2\/media?parent=2693"}],"curies":[{"name":"wp","href":"https:\/\/api.w.org\/{rel}","templated":true}]}}