{"id":2624,"date":"2022-06-29T15:33:11","date_gmt":"2022-06-29T13:33:11","guid":{"rendered":"https:\/\/lejonchet.fr\/?page_id=2624"},"modified":"2022-09-22T21:32:39","modified_gmt":"2022-09-22T19:32:39","slug":"theatre-12","status":"publish","type":"page","link":"https:\/\/lejonchet.fr\/index.php\/theatre-12\/","title":{"rendered":"Po\u00e9sie et musique"},"content":{"rendered":"\n<figure class=\"wp-block-table alignright\"><table class=\"has-background\" style=\"background-color:#e7f5fe\"><tbody><tr><td class=\"has-text-align-right\" data-align=\"right\">RESERVATIONS :<br> <strong><mark style=\"background-color:rgba(0, 0, 0, 0)\" class=\"has-inline-color has-vivid-cyan-blue-color\"><a href=\"https:\/\/lejonchet.fr\/index.php\/events\/lorca\/\">Vendredi 14 octobre 2022 \u00e0 20h30<\/a><\/mark><\/strong><\/td><\/tr><\/tbody><\/table><\/figure>\n\n\n\n<p class=\"has-medium-font-size\"><em><strong>Conversation po\u00e9tique et musicale<\/strong><\/em><\/p>\n\n\n\n<p class=\"has-text-align-left has-vivid-red-color has-text-color\" style=\"font-size:40px\"><strong>\u00ab\u00a0De l&rsquo;Andalousie \u00e0 la Palestine\u00a0\u00bb<\/strong><\/p>\n\n\n\n<p>Po\u00e8mes de Federico Garcia Lorca et Mahmoud Darwich<\/p>\n\n\n\n<p class=\"has-vivid-red-color has-text-color has-medium-font-size\"><strong><em>par Dominique Bertin et Damien Tridant <br>accompagn\u00e9s au Oud par ZIAD BEN YOUSSEF<\/em><\/strong><\/p>\n\n\n\n<figure class=\"wp-block-image size-large\"><img loading=\"lazy\" decoding=\"async\" width=\"1024\" height=\"256\" src=\"https:\/\/lejonchet.fr\/wp-content\/uploads\/2022\/06\/Lorca01-1024x256.jpg\" alt=\"\" class=\"wp-image-2625\" srcset=\"https:\/\/lejonchet.fr\/wp-content\/uploads\/2022\/06\/Lorca01-1024x256.jpg 1024w, https:\/\/lejonchet.fr\/wp-content\/uploads\/2022\/06\/Lorca01-300x75.jpg 300w, https:\/\/lejonchet.fr\/wp-content\/uploads\/2022\/06\/Lorca01-768x192.jpg 768w, https:\/\/lejonchet.fr\/wp-content\/uploads\/2022\/06\/Lorca01-1536x384.jpg 1536w, https:\/\/lejonchet.fr\/wp-content\/uploads\/2022\/06\/Lorca01-690x173.jpg 690w, https:\/\/lejonchet.fr\/wp-content\/uploads\/2022\/06\/Lorca01-980x245.jpg 980w, https:\/\/lejonchet.fr\/wp-content\/uploads\/2022\/06\/Lorca01.jpg 1600w\" sizes=\"auto, (max-width: 1024px) 100vw, 1024px\" \/><\/figure>\n\n\n\n<p class=\"has-drop-cap\">En hommage \u00e0 Federico Garcia Lorca et \u00e0 Mahmoud Darwich, Dominique Bertin (lectrice) accompagn\u00e9e de Damien Tridant (com\u00e9dien) et de <a rel=\"noreferrer noopener\" href=\"https:\/\/www.ziadbenyoussef.com\" target=\"_blank\">Ziad Ben Youssef<\/a> (oudiste) propose une red\u00e9couverte des oeuvres des deux grands po\u00e9tes andalou et palestinien par une lecture \u00e0 deux voix d&rsquo;extraits choisis, aux parfums de l&rsquo;oranger et de l&rsquo;amandier et au son du oud, \u00e9cho sensible et particulier de ces terres br\u00fblantes.<\/p>\n\n\n\n<figure class=\"wp-block-gallery aligncenter has-nested-images columns-4 wp-block-gallery-1 is-layout-flex wp-block-gallery-is-layout-flex\">\n<figure class=\"wp-block-image size-large\"><img loading=\"lazy\" decoding=\"async\" width=\"400\" height=\"400\" data-id=\"2746\" src=\"https:\/\/lejonchet.fr\/wp-content\/uploads\/2022\/07\/Aqua1.jpg\" alt=\"\" class=\"wp-image-2746\" srcset=\"https:\/\/lejonchet.fr\/wp-content\/uploads\/2022\/07\/Aqua1.jpg 400w, https:\/\/lejonchet.fr\/wp-content\/uploads\/2022\/07\/Aqua1-300x300.jpg 300w, https:\/\/lejonchet.fr\/wp-content\/uploads\/2022\/07\/Aqua1-150x150.jpg 150w\" sizes=\"auto, (max-width: 400px) 100vw, 400px\" \/><\/figure>\n\n\n\n<figure class=\"wp-block-image size-full\"><img loading=\"lazy\" decoding=\"async\" width=\"400\" height=\"400\" data-id=\"2627\" src=\"https:\/\/lejonchet.fr\/wp-content\/uploads\/2022\/06\/Lorca04.jpg\" alt=\"\" class=\"wp-image-2627\" srcset=\"https:\/\/lejonchet.fr\/wp-content\/uploads\/2022\/06\/Lorca04.jpg 400w, https:\/\/lejonchet.fr\/wp-content\/uploads\/2022\/06\/Lorca04-300x300.jpg 300w, https:\/\/lejonchet.fr\/wp-content\/uploads\/2022\/06\/Lorca04-150x150.jpg 150w\" sizes=\"auto, (max-width: 400px) 100vw, 400px\" \/><\/figure>\n\n\n\n<figure class=\"wp-block-image size-large\"><img loading=\"lazy\" decoding=\"async\" width=\"400\" height=\"400\" data-id=\"2748\" src=\"https:\/\/lejonchet.fr\/wp-content\/uploads\/2022\/07\/Aqua4.jpg\" alt=\"\" class=\"wp-image-2748\" srcset=\"https:\/\/lejonchet.fr\/wp-content\/uploads\/2022\/07\/Aqua4.jpg 400w, https:\/\/lejonchet.fr\/wp-content\/uploads\/2022\/07\/Aqua4-300x300.jpg 300w, https:\/\/lejonchet.fr\/wp-content\/uploads\/2022\/07\/Aqua4-150x150.jpg 150w\" sizes=\"auto, (max-width: 400px) 100vw, 400px\" \/><\/figure>\n\n\n\n<figure class=\"wp-block-image size-full\"><img loading=\"lazy\" decoding=\"async\" width=\"400\" height=\"400\" data-id=\"2628\" src=\"https:\/\/lejonchet.fr\/wp-content\/uploads\/2022\/06\/Lorca05.jpg\" alt=\"\" class=\"wp-image-2628\" srcset=\"https:\/\/lejonchet.fr\/wp-content\/uploads\/2022\/06\/Lorca05.jpg 400w, https:\/\/lejonchet.fr\/wp-content\/uploads\/2022\/06\/Lorca05-300x300.jpg 300w, https:\/\/lejonchet.fr\/wp-content\/uploads\/2022\/06\/Lorca05-150x150.jpg 150w\" sizes=\"auto, (max-width: 400px) 100vw, 400px\" \/><\/figure>\n<\/figure>\n\n\n\n<div class=\"wp-block-button alignright\"><a class=\"wp-block-button__link has-luminous-vivid-amber-background-color has-background\" href=\"https:\/\/lejonchet.fr\/index.php\/events\/lorca\/\" style=\"border-radius:39px\">R\u00e9servation&#8230;<\/a><\/div>\n\n\n\n<p class=\"has-small-font-size\"><em>Spectacle tout public (\u00e0 partir de 12 ans)<\/em><\/p>\n\n\n\n<p class=\"has-small-font-size\"><\/p>\n","protected":false},"excerpt":{"rendered":"<p>RESERVATIONS : Vendredi 14 octobre 2022 \u00e0 20h30 Conversation po\u00e9tique et musicale \u00ab\u00a0De l&rsquo;Andalousie \u00e0 la Palestine\u00a0\u00bb Po\u00e8mes de Federico Garcia Lorca et Mahmoud Darwich par Dominique Bertin et Damien Tridant accompagn\u00e9s au Oud par ZIAD BEN YOUSSEF En hommage \u00e0 Federico Garcia Lorca et \u00e0 Mahmoud Darwich, Dominique Bertin (lectrice) accompagn\u00e9e de Damien Tridant [&hellip;]<\/p>\n","protected":false},"author":1,"featured_media":0,"parent":0,"menu_order":0,"comment_status":"closed","ping_status":"closed","template":"","meta":{"footnotes":""},"class_list":["post-2624","page","type-page","status-publish","hentry"],"_links":{"self":[{"href":"https:\/\/lejonchet.fr\/index.php\/wp-json\/wp\/v2\/pages\/2624","targetHints":{"allow":["GET"]}}],"collection":[{"href":"https:\/\/lejonchet.fr\/index.php\/wp-json\/wp\/v2\/pages"}],"about":[{"href":"https:\/\/lejonchet.fr\/index.php\/wp-json\/wp\/v2\/types\/page"}],"author":[{"embeddable":true,"href":"https:\/\/lejonchet.fr\/index.php\/wp-json\/wp\/v2\/users\/1"}],"replies":[{"embeddable":true,"href":"https:\/\/lejonchet.fr\/index.php\/wp-json\/wp\/v2\/comments?post=2624"}],"version-history":[{"count":18,"href":"https:\/\/lejonchet.fr\/index.php\/wp-json\/wp\/v2\/pages\/2624\/revisions"}],"predecessor-version":[{"id":3137,"href":"https:\/\/lejonchet.fr\/index.php\/wp-json\/wp\/v2\/pages\/2624\/revisions\/3137"}],"wp:attachment":[{"href":"https:\/\/lejonchet.fr\/index.php\/wp-json\/wp\/v2\/media?parent=2624"}],"curies":[{"name":"wp","href":"https:\/\/api.w.org\/{rel}","templated":true}]}}