{"id":2528,"date":"2022-05-30T10:28:37","date_gmt":"2022-05-30T08:28:37","guid":{"rendered":"https:\/\/lejonchet.fr\/?page_id=2528"},"modified":"2022-05-30T11:30:17","modified_gmt":"2022-05-30T09:30:17","slug":"theatre-9","status":"publish","type":"page","link":"https:\/\/lejonchet.fr\/index.php\/theatre-9\/","title":{"rendered":"Th\u00e9\u00e2tre"},"content":{"rendered":"\n<figure class=\"wp-block-table alignright\"><table class=\"has-background\" style=\"background-color:#e7f5fe\"><tbody><tr><td class=\"has-text-align-right\" data-align=\"right\">RESERVATIONS :<br> <strong><mark style=\"background-color:rgba(0, 0, 0, 0)\" class=\"has-inline-color has-vivid-cyan-blue-color\"><a href=\"https:\/\/lejonchet.fr\/index.php\/events\/je-suis-prete\/\">Vendredi 1 juillet 2022 \u00e0 20h30<\/a><\/mark><\/strong><\/td><\/tr><\/tbody><\/table><\/figure>\n\n\n\n<p class=\"has-vivid-red-color has-text-color\" style=\"font-size:40px\"><strong>\u00ab\u00a0Je suis pr\u00eate\u00a0\u00bb<\/strong><\/p>\n\n\n\n<p>de Antonin Buhon<\/p>\n\n\n\n<p class=\"has-vivid-red-color has-text-color has-medium-font-size\"><strong><em>par Oriane Cochin et Antonin Buhon<\/em><\/strong><\/p>\n\n\n\n<figure class=\"wp-block-image size-full\"><img loading=\"lazy\" decoding=\"async\" width=\"900\" height=\"337\" src=\"https:\/\/lejonchet.fr\/wp-content\/uploads\/2022\/05\/jsp02.gif\" alt=\"\" class=\"wp-image-2529\"\/><\/figure>\n\n\n\n<p class=\"has-drop-cap\">Robert propose un jeu \u00e0 son amie L\u00e9a. Il y incarne des personnages avec lesquels elle discutera. Leur amiti\u00e9 si forte les aidera \u00e0 surmonter le plus grand obstacle de L\u00e9a : son cancer. Se d\u00e9livrant de ses secrets les plus profonds, l\u2019imaginaire deviendra r\u00e9alit\u00e9. Sans le savoir, ce jeu d\u00e9passera leurs attentes\u2026<\/p>\n\n\n\n<p>Oriane, 16 ans, joue le r\u00f4le \u00e9mouvant de L\u00e9a. Antonin, 15 ans, celui de Robert qui, pour distraire son amie, incarne huit personnages qui ont travers\u00e9 la vie de L\u00e9a. Ainsi elle osera leur parler franchement et r\u00e9glera ses comptes, l\u2019\u00e2me apais\u00e9e.<\/p>\n\n\n\n<p>En janvier 2018, Antonin termine l\u2019\u00e9criture de \u201cJe suis pr\u00eate\u201d. Apr\u00e8s plusieurs ann\u00e9es de pratique partag\u00e9e au Th\u00e9\u00e2tre Aliz\u00e9, les deux com\u00e9diens ont d\u00e9cid\u00e9 de monter leur pi\u00e8ce. Cette aventure leur a demand\u00e9 deux ans de travail. Cette pi\u00e8ce vibrante par son jeu juste et sinc\u00e8re transporte le spectateur au travers d\u2019\u00e9motions bouleversantes.<\/p>\n\n\n\n<figure class=\"wp-block-gallery aligncenter has-nested-images columns-4 is-cropped wp-block-gallery-1 is-layout-flex wp-block-gallery-is-layout-flex\">\n<figure class=\"wp-block-image size-full\"><img loading=\"lazy\" decoding=\"async\" width=\"400\" height=\"507\" data-id=\"2530\" src=\"https:\/\/lejonchet.fr\/wp-content\/uploads\/2022\/05\/jsp03.gif\" alt=\"\" class=\"wp-image-2530\"\/><\/figure>\n\n\n\n<figure class=\"wp-block-image size-full\"><img loading=\"lazy\" decoding=\"async\" width=\"400\" height=\"400\" data-id=\"2532\" src=\"https:\/\/lejonchet.fr\/wp-content\/uploads\/2022\/05\/jsp05.gif\" alt=\"\" class=\"wp-image-2532\"\/><\/figure>\n\n\n\n<figure class=\"wp-block-image size-full\"><img loading=\"lazy\" decoding=\"async\" width=\"400\" height=\"400\" data-id=\"2533\" src=\"https:\/\/lejonchet.fr\/wp-content\/uploads\/2022\/05\/jsp04-1.gif\" alt=\"\" class=\"wp-image-2533\"\/><\/figure>\n\n\n\n<figure class=\"wp-block-image size-large\"><img loading=\"lazy\" decoding=\"async\" width=\"400\" height=\"400\" data-id=\"2534\" src=\"https:\/\/lejonchet.fr\/wp-content\/uploads\/2022\/05\/jsp06.gif\" alt=\"\" class=\"wp-image-2534\"\/><\/figure>\n<\/figure>\n\n\n\n<div class=\"wp-block-button alignright\"><a class=\"wp-block-button__link has-luminous-vivid-amber-background-color has-background\" href=\"https:\/\/lejonchet.fr\/index.php\/events\/je-suis-prete\/\" style=\"border-radius:39px\">R\u00e9servation&#8230;<\/a><\/div>\n\n\n\n<p class=\"has-small-font-size\"><em>Spectacle tout public (\u00e0 partir de 12 ans)<\/em><\/p>\n\n\n\n<p class=\"has-small-font-size\"><strong>Avec :<br><\/strong>Oriane Cochin et Antonin Buhon<strong><br><\/strong><strong>Ecriture et mise en sc\u00e8ne :<br><\/strong>Antonin Buhon <\/p>\n\n\n\n<p class=\"has-small-font-size\"><strong>Dur\u00e9e :<\/strong>&nbsp;1h10<\/p>\n","protected":false},"excerpt":{"rendered":"<p>RESERVATIONS : Vendredi 1 juillet 2022 \u00e0 20h30 \u00ab\u00a0Je suis pr\u00eate\u00a0\u00bb de Antonin Buhon par Oriane Cochin et Antonin Buhon Robert propose un jeu \u00e0 son amie L\u00e9a. Il y incarne des personnages avec lesquels elle discutera. Leur amiti\u00e9 si forte les aidera \u00e0 surmonter le plus grand obstacle de L\u00e9a : son cancer. Se [&hellip;]<\/p>\n","protected":false},"author":1,"featured_media":0,"parent":0,"menu_order":0,"comment_status":"closed","ping_status":"closed","template":"","meta":{"footnotes":""},"class_list":["post-2528","page","type-page","status-publish","hentry"],"_links":{"self":[{"href":"https:\/\/lejonchet.fr\/index.php\/wp-json\/wp\/v2\/pages\/2528","targetHints":{"allow":["GET"]}}],"collection":[{"href":"https:\/\/lejonchet.fr\/index.php\/wp-json\/wp\/v2\/pages"}],"about":[{"href":"https:\/\/lejonchet.fr\/index.php\/wp-json\/wp\/v2\/types\/page"}],"author":[{"embeddable":true,"href":"https:\/\/lejonchet.fr\/index.php\/wp-json\/wp\/v2\/users\/1"}],"replies":[{"embeddable":true,"href":"https:\/\/lejonchet.fr\/index.php\/wp-json\/wp\/v2\/comments?post=2528"}],"version-history":[{"count":4,"href":"https:\/\/lejonchet.fr\/index.php\/wp-json\/wp\/v2\/pages\/2528\/revisions"}],"predecessor-version":[{"id":2544,"href":"https:\/\/lejonchet.fr\/index.php\/wp-json\/wp\/v2\/pages\/2528\/revisions\/2544"}],"wp:attachment":[{"href":"https:\/\/lejonchet.fr\/index.php\/wp-json\/wp\/v2\/media?parent=2528"}],"curies":[{"name":"wp","href":"https:\/\/api.w.org\/{rel}","templated":true}]}}