{"id":241,"date":"2020-02-04T10:04:58","date_gmt":"2020-02-04T09:04:58","guid":{"rendered":"http:\/\/lejonchet.fr\/?page_id=241"},"modified":"2020-02-13T22:04:18","modified_gmt":"2020-02-13T21:04:18","slug":"activite-professionnelle","status":"publish","type":"page","link":"https:\/\/lejonchet.fr\/index.php\/activite-professionnelle\/","title":{"rendered":"pour entreprise"},"content":{"rendered":"\n<figure class=\"wp-block-gallery columns-2 is-cropped wp-block-gallery-1 is-layout-flex wp-block-gallery-is-layout-flex\"><ul class=\"blocks-gallery-grid\"><li class=\"blocks-gallery-item\"><figure><img loading=\"lazy\" decoding=\"async\" width=\"612\" height=\"306\" src=\"https:\/\/lejonchet.fr\/wp-content\/uploads\/2020\/02\/Vigne-1.jpg\" alt=\"\" data-id=\"626\" data-link=\"https:\/\/lejonchet.fr\/index.php\/activite-professionnelle\/vigne-1\/\" class=\"wp-image-626\" srcset=\"https:\/\/lejonchet.fr\/wp-content\/uploads\/2020\/02\/Vigne-1.jpg 612w, https:\/\/lejonchet.fr\/wp-content\/uploads\/2020\/02\/Vigne-1-300x150.jpg 300w\" sizes=\"auto, (max-width: 612px) 100vw, 612px\" \/><\/figure><\/li><li class=\"blocks-gallery-item\"><figure><img loading=\"lazy\" decoding=\"async\" width=\"500\" height=\"356\" src=\"https:\/\/lejonchet.fr\/wp-content\/uploads\/2020\/02\/Maison1.jpg\" alt=\"\" data-id=\"628\" data-full-url=\"https:\/\/lejonchet.fr\/wp-content\/uploads\/2020\/02\/Maison1.jpg\" data-link=\"https:\/\/lejonchet.fr\/index.php\/activite-professionnelle\/maison1\/\" class=\"wp-image-628\" srcset=\"https:\/\/lejonchet.fr\/wp-content\/uploads\/2020\/02\/Maison1.jpg 500w, https:\/\/lejonchet.fr\/wp-content\/uploads\/2020\/02\/Maison1-300x214.jpg 300w\" sizes=\"auto, (max-width: 500px) 100vw, 500px\" \/><\/figure><\/li><\/ul><\/figure>\n\n\n<div id=\"wpgmza_map\" class=\"wpgmza_map\" data-settings='{\"id\":\"1\",\"map_title\":\"Le Jonchet\",\"map_width\":\"100\",\"map_height\":\"250\",\"map_start_lat\":\"44.745071\",\"map_start_lng\":\"-0.455618\",\"map_start_location\":\"44.745071,-0.45561799999995855\",\"map_start_zoom\":\"17\",\"default_marker\":\"0\",\"type\":\"1\",\"alignment\":\"2\",\"directions_enabled\":\"1\",\"styling_enabled\":\"0\",\"styling_json\":\"\",\"active\":\"0\",\"kml\":\"\",\"bicycle\":\"0\",\"traffic\":\"0\",\"dbox\":\"1\",\"dbox_width\":\"100\",\"listmarkers\":\"0\",\"listmarkers_advanced\":\"0\",\"filterbycat\":\"0\",\"ugm_enabled\":\"0\",\"ugm_category_enabled\":\"0\",\"fusion\":\"\",\"map_width_type\":\"\\\\%\",\"map_height_type\":\"px\",\"mass_marker_support\":\"1\",\"ugm_access\":\"0\",\"order_markers_by\":\"1\",\"order_markers_choice\":\"2\",\"show_user_location\":\"0\",\"default_to\":\"\",\"other_settings\":{\"store_locator_enabled\":2,\"store_locator_distance\":2,\"store_locator_default_radius\":10,\"store_locator_not_found_message\":\"No results found in this location. Please try again.\",\"store_locator_bounce\":1,\"store_locator_query_string\":\"Code Postal \\\/ Adresse\",\"store_locator_default_address\":\"\",\"wpgmza_store_locator_restrict\":\"\",\"wpgmza_store_locator_radius_style\":\"modern\",\"map_max_zoom\":\"1\",\"transport_layer\":0,\"wpgmza_theme_data\":\"[\\\"visibility\\\", \\\"invert_lightness\\\", \\\"color\\\", \\\"weight\\\", \\\"hue\\\", \\\"saturation\\\", \\\"lightness\\\", \\\"gamma\\\"]\",\"wpgmza_show_points_of_interest\":1,\"wpgmza_auto_night\":0}}' data-map-id='1' Data-maps-engine='open-layers' data-shortcode-attributes='{\"id\":\"1\"}' style=\"display:block; overflow:auto; width:100%; height:250px; float:left;\"><\/div>\n\n\n\n<p><\/p>\n\n\n\n<p class=\"has-drop-cap has-text-align-left\">Entour\u00e9 de vignes, au c\u0153ur de l&rsquo;appelation <strong>LES COTES DE BORDEAUX<\/strong> et \u00e0 moins de 20 mn de la m\u00e9trop\u00f4le bordelaise, la salle de 120m2 \u00e9quip\u00e9e en vid\u00e9o-projection et sonoris\u00e9e, est l&rsquo;ancien chai viticole du domaine de Jonchet. Son parking priv\u00e9 en facilite l&rsquo;acc\u00e8s.<\/p>\n\n\n\n<p>Dans un cadre verdoyant et champ\u00eatre, ayant conserv\u00e9 le charme de l&rsquo;ancien, <strong>le Domaine de Jonchet<\/strong> pr\u00e9sente toutes les qualit\u00e9s et le confort n\u00e9cessaire pour accueillir dans une ambiance conviviale un large panel de r\u00e9unions professionnelles : petit d\u00e9jeuner, s\u00e9minaire, conf\u00e9rence, comit\u00e9 de direction, \u2026 <\/p>\n\n\n\n<p>Pour premier contact, merci de bien vouloir compl\u00e9ter le formulaire ci-dessous. Nous vous recontacterons dans les meilleurs d\u00e9lais.<\/p>\n\n\n\n\n<div class=\"wpcf7 no-js\" id=\"wpcf7-f644-o1\" lang=\"fr-FR\" dir=\"ltr\" data-wpcf7-id=\"644\">\n<div class=\"screen-reader-response\"><p role=\"status\" aria-live=\"polite\" aria-atomic=\"true\"><\/p> <ul><\/ul><\/div>\n<form action=\"\/index.php\/wp-json\/wp\/v2\/pages\/241#wpcf7-f644-o1\" method=\"post\" class=\"wpcf7-form init\" aria-label=\"Formulaire de contact\" novalidate=\"novalidate\" data-status=\"init\">\n<fieldset class=\"hidden-fields-container\"><input type=\"hidden\" name=\"_wpcf7\" value=\"644\" \/><input type=\"hidden\" name=\"_wpcf7_version\" value=\"6.1.4\" \/><input type=\"hidden\" name=\"_wpcf7_locale\" value=\"fr_FR\" \/><input type=\"hidden\" name=\"_wpcf7_unit_tag\" value=\"wpcf7-f644-o1\" \/><input type=\"hidden\" name=\"_wpcf7_container_post\" value=\"0\" \/><input type=\"hidden\" name=\"_wpcf7_posted_data_hash\" value=\"\" \/>\n<\/fieldset>\n<p><label> Nom*<br \/>\n<span class=\"wpcf7-form-control-wrap\" data-name=\"your-name\"><input size=\"40\" maxlength=\"400\" class=\"wpcf7-form-control wpcf7-text wpcf7-validates-as-required\" aria-required=\"true\" aria-invalid=\"false\" value=\"\" type=\"text\" name=\"your-name\" \/><\/span> <\/label>\n<\/p>\n<p><label> Nom de l'entreprise*<br \/>\n<span class=\"wpcf7-form-control-wrap\" data-name=\"text-384\"><input size=\"40\" maxlength=\"400\" class=\"wpcf7-form-control wpcf7-text\" aria-invalid=\"false\" value=\"\" type=\"text\" name=\"text-384\" \/><\/span> <\/label>\n<\/p>\n<p><label> Type d'activit\u00e9<br \/>\n<span class=\"wpcf7-form-control-wrap\" data-name=\"text-385\"><input size=\"40\" maxlength=\"400\" class=\"wpcf7-form-control wpcf7-text\" aria-invalid=\"false\" value=\"\" type=\"text\" name=\"text-385\" \/><\/span><\/label>\n<\/p>\n<p><label> Adresse de messagerie*<br \/>\n<span class=\"wpcf7-form-control-wrap\" data-name=\"your-email\"><input size=\"40\" maxlength=\"400\" class=\"wpcf7-form-control wpcf7-email wpcf7-validates-as-required wpcf7-text wpcf7-validates-as-email\" aria-required=\"true\" aria-invalid=\"false\" value=\"\" type=\"email\" name=\"your-email\" \/><\/span> <\/label>\n<\/p>\n<p><label> Votre t\u00e9l\u00e9phone<br \/>\n<span class=\"wpcf7-form-control-wrap\" data-name=\"text-489\"><input size=\"40\" maxlength=\"400\" class=\"wpcf7-form-control wpcf7-text\" aria-invalid=\"false\" value=\"\" type=\"text\" name=\"text-489\" \/><\/span> <\/label>\n<\/p>\n<p><label> Objet<br \/>\n<span class=\"wpcf7-form-control-wrap\" data-name=\"your-subject\"><input size=\"40\" maxlength=\"400\" class=\"wpcf7-form-control wpcf7-text\" aria-invalid=\"false\" value=\"\" type=\"text\" name=\"your-subject\" \/><\/span> <\/label>\n<\/p>\n<p><label> Date de location souhait\u00e9e :<br \/>\n<span class=\"wpcf7-form-control-wrap\" data-name=\"text-386\"><input size=\"40\" maxlength=\"400\" class=\"wpcf7-form-control wpcf7-text\" aria-invalid=\"false\" value=\"\" type=\"text\" name=\"text-386\" \/><\/span><\/label>\n<\/p>\n<p><label> Commentaire<br \/>\n<span class=\"wpcf7-form-control-wrap\" data-name=\"your-message\"><textarea cols=\"40\" rows=\"10\" maxlength=\"2000\" class=\"wpcf7-form-control wpcf7-textarea\" aria-invalid=\"false\" name=\"your-message\"><\/textarea><\/span> <\/label>\n<\/p>\n<p><input class=\"wpcf7-form-control wpcf7-submit has-spinner\" type=\"submit\" value=\"Envoyer\" \/>\n<\/p><p style=\"display: none !important;\" class=\"akismet-fields-container\" data-prefix=\"_wpcf7_ak_\"><label>&#916;<textarea name=\"_wpcf7_ak_hp_textarea\" cols=\"45\" rows=\"8\" maxlength=\"100\"><\/textarea><\/label><input type=\"hidden\" id=\"ak_js_1\" name=\"_wpcf7_ak_js\" value=\"45\"\/><script>document.getElementById( \"ak_js_1\" ).setAttribute( \"value\", ( new Date() ).getTime() );<\/script><\/p><div class=\"wpcf7-response-output\" aria-hidden=\"true\"><\/div>\n<\/form>\n<\/div>\n\n","protected":false},"excerpt":{"rendered":"<p>Entour\u00e9 de vignes, au c\u0153ur de l&rsquo;appelation LES COTES DE BORDEAUX et \u00e0 moins de 20 mn de la m\u00e9trop\u00f4le bordelaise, la salle de 120m2 \u00e9quip\u00e9e en vid\u00e9o-projection et sonoris\u00e9e, est l&rsquo;ancien chai viticole du domaine de Jonchet. Son parking priv\u00e9 en facilite l&rsquo;acc\u00e8s. Dans un cadre verdoyant et champ\u00eatre, ayant conserv\u00e9 le charme de [&hellip;]<\/p>\n","protected":false},"author":1,"featured_media":0,"parent":0,"menu_order":0,"comment_status":"closed","ping_status":"closed","template":"","meta":{"footnotes":""},"class_list":["post-241","page","type-page","status-publish","hentry"],"_links":{"self":[{"href":"https:\/\/lejonchet.fr\/index.php\/wp-json\/wp\/v2\/pages\/241","targetHints":{"allow":["GET"]}}],"collection":[{"href":"https:\/\/lejonchet.fr\/index.php\/wp-json\/wp\/v2\/pages"}],"about":[{"href":"https:\/\/lejonchet.fr\/index.php\/wp-json\/wp\/v2\/types\/page"}],"author":[{"embeddable":true,"href":"https:\/\/lejonchet.fr\/index.php\/wp-json\/wp\/v2\/users\/1"}],"replies":[{"embeddable":true,"href":"https:\/\/lejonchet.fr\/index.php\/wp-json\/wp\/v2\/comments?post=241"}],"version-history":[{"count":44,"href":"https:\/\/lejonchet.fr\/index.php\/wp-json\/wp\/v2\/pages\/241\/revisions"}],"predecessor-version":[{"id":675,"href":"https:\/\/lejonchet.fr\/index.php\/wp-json\/wp\/v2\/pages\/241\/revisions\/675"}],"wp:attachment":[{"href":"https:\/\/lejonchet.fr\/index.php\/wp-json\/wp\/v2\/media?parent=241"}],"curies":[{"name":"wp","href":"https:\/\/api.w.org\/{rel}","templated":true}]}}