{"id":2088,"date":"2021-08-08T10:41:40","date_gmt":"2021-08-08T08:41:40","guid":{"rendered":"https:\/\/lejonchet.fr\/?page_id=2088"},"modified":"2021-08-08T21:24:41","modified_gmt":"2021-08-08T19:24:41","slug":"theatre-5","status":"publish","type":"page","link":"https:\/\/lejonchet.fr\/index.php\/theatre-5\/","title":{"rendered":"Th\u00e9\u00e2tre et Hip-Hop"},"content":{"rendered":"\n<figure class=\"wp-block-table alignright\"><table class=\"has-background\" style=\"background-color:#e7f5fe\"><tbody><tr><td class=\"has-text-align-right\" data-align=\"right\">RESERVATIONS :<br><strong><a href=\"https:\/\/lejonchet.fr\/index.php\/events\/jdexperience\/\">Samedi 30 octobre 2021 \u00e0 20h30<\/a><\/strong><br> <strong><a href=\"https:\/\/lejonchet.fr\/index.php\/events\/jd-experience\/\">Dimanche 19 d\u00e9cembre 2021 \u00e0 15h00<\/a><\/strong><\/td><\/tr><\/tbody><\/table><\/figure>\n\n\n\n<p class=\"has-vivid-red-color has-text-color has-large-font-size\"><strong>\u00ab\u00a0J&amp;D Experience\u00a0\u00bb<\/strong><\/p>\n\n\n\n<p class=\"has-vivid-red-color has-text-color has-medium-font-size\"><strong><em>par Jonathan&amp;David<\/em><\/strong><\/p>\n\n\n\n<figure class=\"wp-block-image size-full\"><img loading=\"lazy\" decoding=\"async\" width=\"800\" height=\"312\" src=\"https:\/\/lejonchet.fr\/wp-content\/uploads\/2021\/08\/JD01.gif\" alt=\"\" class=\"wp-image-2089\"\/><\/figure>\n\n\n\n<p class=\"has-drop-cap\">Apr\u00e8s une ann\u00e9e pass\u00e9e \u00e0 ramasser les masques qui tra\u00eenaient par terre pour les revendre pas cher, Jonathan&amp;David se sont dit que faire du pognon, c&rsquo;\u00e9tait bien mignon mais sans c\u00e9l\u00e9brit\u00e9 \u00e0 c\u00f4t\u00e9 pour se la raconter, il manquait quelque chose.<br><br><strong><em>Ils l&rsquo;ont pens\u00e9 et on leur a propos\u00e9.<\/em><\/strong><br><br>Retrouvez donc en vrai le duo hip-hop du troisi\u00e8me type le plus demand\u00e9 sur la rive droite dans la formule qui a cr\u00e9\u00e9 leur l\u00e9gende : laJ&amp;D Experience\u00ae.<br><br>Immersif, intense, \u00e9pique, la J&amp;D Experience\u00ae propose une aventure \u00e0 mi-chemin entre le concert augment\u00e9 et le th\u00e9\u00e2tre connect\u00e9.<\/p>\n\n\n\n<p class=\"has-text-align-right has-small-font-size\"><\/p>\n\n\n\n<div class=\"wp-block-buttons is-content-justification-right is-layout-flex wp-block-buttons-is-layout-flex\">\n<div class=\"wp-block-button is-style-fill\"><a class=\"wp-block-button__link has-luminous-vivid-amber-background-color has-background\" href=\"https:\/\/lejonchet.fr\/index.php\/agenda\/\">R\u00e9servation&#8230;<\/a><\/div>\n<\/div>\n\n\n\n<p><a href=\"http:\/\/www.jonathanetdavid.com\/\">Jonathan&amp;David &#8211; Le site officiel mec ! (jonathanetdavid.com)<\/a><\/p>\n\n\n\n<figure class=\"wp-block-gallery columns-3 is-cropped wp-block-gallery-1 is-layout-flex wp-block-gallery-is-layout-flex\"><ul class=\"blocks-gallery-grid\"><li class=\"blocks-gallery-item\"><figure><img loading=\"lazy\" decoding=\"async\" width=\"600\" height=\"600\" src=\"https:\/\/lejonchet.fr\/wp-content\/uploads\/2021\/08\/JD06.gif\" alt=\"\" data-id=\"2091\" data-link=\"https:\/\/lejonchet.fr\/?attachment_id=2091\" class=\"wp-image-2091\"\/><\/figure><\/li><li class=\"blocks-gallery-item\"><figure><img loading=\"lazy\" decoding=\"async\" width=\"400\" height=\"400\" src=\"https:\/\/lejonchet.fr\/wp-content\/uploads\/2021\/08\/JD05.gif\" alt=\"\" data-id=\"2092\" data-link=\"https:\/\/lejonchet.fr\/?attachment_id=2092\" class=\"wp-image-2092\"\/><\/figure><\/li><li class=\"blocks-gallery-item\"><figure><img loading=\"lazy\" decoding=\"async\" width=\"600\" height=\"600\" src=\"https:\/\/lejonchet.fr\/wp-content\/uploads\/2021\/08\/JD08.gif\" alt=\"\" data-id=\"2093\" data-link=\"https:\/\/lejonchet.fr\/?attachment_id=2093\" class=\"wp-image-2093\"\/><\/figure><\/li><li class=\"blocks-gallery-item\"><figure><img loading=\"lazy\" decoding=\"async\" width=\"332\" height=\"257\" src=\"https:\/\/lejonchet.fr\/wp-content\/uploads\/2021\/08\/JD02.gif\" alt=\"\" data-id=\"2102\" data-full-url=\"https:\/\/lejonchet.fr\/wp-content\/uploads\/2021\/08\/JD02.gif\" data-link=\"https:\/\/lejonchet.fr\/index.php\/theatre-5\/jd02\/\" class=\"wp-image-2102\"\/><\/figure><\/li><li class=\"blocks-gallery-item\"><figure><img loading=\"lazy\" decoding=\"async\" width=\"395\" height=\"395\" src=\"https:\/\/lejonchet.fr\/wp-content\/uploads\/2021\/08\/JD09.gif\" alt=\"\" data-id=\"2098\" data-full-url=\"https:\/\/lejonchet.fr\/wp-content\/uploads\/2021\/08\/JD09.gif\" data-link=\"https:\/\/lejonchet.fr\/?attachment_id=2098\" class=\"wp-image-2098\"\/><\/figure><\/li><\/ul><\/figure>\n\n\n\n<p class=\"has-text-align-right has-small-font-size\"><\/p>\n","protected":false},"excerpt":{"rendered":"<p>RESERVATIONS :Samedi 30 octobre 2021 \u00e0 20h30 Dimanche 19 d\u00e9cembre 2021 \u00e0 15h00 \u00ab\u00a0J&amp;D Experience\u00a0\u00bb par Jonathan&amp;David Apr\u00e8s une ann\u00e9e pass\u00e9e \u00e0 ramasser les masques qui tra\u00eenaient par terre pour les revendre pas cher, Jonathan&amp;David se sont dit que faire du pognon, c&rsquo;\u00e9tait bien mignon mais sans c\u00e9l\u00e9brit\u00e9 \u00e0 c\u00f4t\u00e9 pour se la raconter, il [&hellip;]<\/p>\n","protected":false},"author":1,"featured_media":0,"parent":0,"menu_order":0,"comment_status":"closed","ping_status":"closed","template":"","meta":{"footnotes":""},"class_list":["post-2088","page","type-page","status-publish","hentry"],"_links":{"self":[{"href":"https:\/\/lejonchet.fr\/index.php\/wp-json\/wp\/v2\/pages\/2088","targetHints":{"allow":["GET"]}}],"collection":[{"href":"https:\/\/lejonchet.fr\/index.php\/wp-json\/wp\/v2\/pages"}],"about":[{"href":"https:\/\/lejonchet.fr\/index.php\/wp-json\/wp\/v2\/types\/page"}],"author":[{"embeddable":true,"href":"https:\/\/lejonchet.fr\/index.php\/wp-json\/wp\/v2\/users\/1"}],"replies":[{"embeddable":true,"href":"https:\/\/lejonchet.fr\/index.php\/wp-json\/wp\/v2\/comments?post=2088"}],"version-history":[{"count":8,"href":"https:\/\/lejonchet.fr\/index.php\/wp-json\/wp\/v2\/pages\/2088\/revisions"}],"predecessor-version":[{"id":2212,"href":"https:\/\/lejonchet.fr\/index.php\/wp-json\/wp\/v2\/pages\/2088\/revisions\/2212"}],"wp:attachment":[{"href":"https:\/\/lejonchet.fr\/index.php\/wp-json\/wp\/v2\/media?parent=2088"}],"curies":[{"name":"wp","href":"https:\/\/api.w.org\/{rel}","templated":true}]}}