{"id":2027,"date":"2021-08-05T20:31:00","date_gmt":"2021-08-05T18:31:00","guid":{"rendered":"https:\/\/lejonchet.fr\/?page_id=2027"},"modified":"2022-08-30T15:22:49","modified_gmt":"2022-08-30T13:22:49","slug":"theatre-4","status":"publish","type":"page","link":"https:\/\/lejonchet.fr\/index.php\/theatre-4\/","title":{"rendered":"Th\u00e9\u00e2tre"},"content":{"rendered":"\n<figure class=\"wp-block-table alignright\"><table class=\"has-background\" style=\"background-color:#e7f5fe\"><tbody><tr><td class=\"has-text-align-right\" data-align=\"right\">RESERVATIONS :<br><strong><a href=\"https:\/\/lejonchet.fr\/index.php\/events\/elles\/\">Samedi 10 septembre 2022 \u00e0 20H30<\/a><\/strong><\/td><\/tr><\/tbody><\/table><\/figure>\n\n\n\n<p class=\"has-vivid-red-color has-text-color has-large-font-size\"><strong>\u00ab\u00a0Elle(s)\u00a0\u00bb<\/strong><\/p>\n\n\n\n<p> de G\u00e9rard Levoyer <\/p>\n\n\n\n<p class=\"has-vivid-red-color has-text-color has-medium-font-size\"><strong><em>par Julie Uteau<\/em><\/strong><\/p>\n\n\n\n<figure class=\"wp-block-image size-full\"><img loading=\"lazy\" decoding=\"async\" width=\"749\" height=\"295\" src=\"https:\/\/lejonchet.fr\/wp-content\/uploads\/2021\/08\/Elle6-1.gif\" alt=\"\" class=\"wp-image-2033\"\/><\/figure>\n\n\n\n<p class=\"has-drop-cap\">Elle(s), c\u2019est diff\u00e9rents portraits de femmes, \u00e0 la fois fortes et fragiles qui se battent avec leurs moyens.<br><br><em>\u00ab Tant\u00f4t na\u00efves, dr\u00f4les, caustiques ou r\u00e9volt\u00e9es, des femmes se racontent. Elles attendent, esp\u00e8rent, r\u00eavent l\u2019homme de leur vie. Quelquefois le quotidien les a salement meurtries. Mais elles ne perdent ni l\u2019humour, ni la vitalit\u00e9. Chaque portrait renferme en lui un concentr\u00e9 d\u2019humanit\u00e9. \u00bb<\/em><br><br>Qu\u2019elle(s) soit femme au foyer ou femme fatale, Julie Uteau nous montre la femme sous toutes ses facettes, parfois na\u00efve, souvent meurtrie mais toujours courageuse. <br><br>Ana Maria Venegas a choisi d\u2019aller \u00e0 l\u2019essentiel : dans un d\u00e9cor minimaliste, la com\u00e9dienne endosse v\u00e9ritablement ses<br>personnages en changeant de peau sous les yeux du spectateur.<\/p>\n\n\n\n<p class=\"has-small-font-size\">Seule en sc\u00e8ne<br>Mise en sc\u00e8ne <strong>Ana Maria Venegas<\/strong><br>Dur\u00e9e 1H<\/p>\n\n\n\n<figure class=\"wp-block-embed is-type-video is-provider-youtube wp-block-embed-youtube wp-embed-aspect-16-9 wp-has-aspect-ratio\"><div class=\"wp-block-embed__wrapper\">\n<iframe loading=\"lazy\" title=\"- TEASER -    Elle(s) \/ Julie Uteau\" width=\"980\" height=\"551\" src=\"https:\/\/www.youtube.com\/embed\/07c23bR1Gc0?feature=oembed\" frameborder=\"0\" allow=\"accelerometer; autoplay; clipboard-write; encrypted-media; gyroscope; picture-in-picture; web-share\" allowfullscreen><\/iframe>\n<\/div><\/figure>\n\n\n\n<figure class=\"wp-block-gallery has-nested-images columns-4 is-cropped wp-block-gallery-1 is-layout-flex wp-block-gallery-is-layout-flex\">\n<figure class=\"wp-block-image size-large\"><img loading=\"lazy\" decoding=\"async\" width=\"288\" height=\"288\" data-id=\"2041\" src=\"https:\/\/lejonchet.fr\/wp-content\/uploads\/2021\/08\/Elle7-1.gif\" alt=\"\" class=\"wp-image-2041\"\/><\/figure>\n\n\n\n<figure class=\"wp-block-image size-large\"><img loading=\"lazy\" decoding=\"async\" width=\"288\" height=\"432\" data-id=\"2037\" src=\"https:\/\/lejonchet.fr\/wp-content\/uploads\/2021\/08\/Elle3.gif\" alt=\"\" class=\"wp-image-2037\"\/><\/figure>\n\n\n\n<figure class=\"wp-block-image size-large\"><img loading=\"lazy\" decoding=\"async\" width=\"288\" height=\"346\" data-id=\"2038\" src=\"https:\/\/lejonchet.fr\/wp-content\/uploads\/2021\/08\/Elle4.gif\" alt=\"\" class=\"wp-image-2038\"\/><\/figure>\n\n\n\n<figure class=\"wp-block-image size-large\"><img loading=\"lazy\" decoding=\"async\" width=\"288\" height=\"350\" data-id=\"2036\" src=\"https:\/\/lejonchet.fr\/wp-content\/uploads\/2021\/08\/Elle2.gif\" alt=\"\" class=\"wp-image-2036\"\/><\/figure>\n<\/figure>\n\n\n\n<div class=\"wp-block-buttons is-horizontal is-content-justification-right is-layout-flex wp-container-core-buttons-is-layout-ae2fe186 wp-block-buttons-is-layout-flex\">\n<div class=\"wp-block-button\"><a class=\"wp-block-button__link has-luminous-vivid-amber-background-color has-background\" href=\"https:\/\/lejonchet.fr\/index.php\/events\/elles\/\">R\u00e9servations&#8230;<\/a><\/div>\n<\/div>\n","protected":false},"excerpt":{"rendered":"<p>RESERVATIONS :Samedi 10 septembre 2022 \u00e0 20H30 \u00ab\u00a0Elle(s)\u00a0\u00bb de G\u00e9rard Levoyer par Julie Uteau Elle(s), c\u2019est diff\u00e9rents portraits de femmes, \u00e0 la fois fortes et fragiles qui se battent avec leurs moyens. \u00ab Tant\u00f4t na\u00efves, dr\u00f4les, caustiques ou r\u00e9volt\u00e9es, des femmes se racontent. Elles attendent, esp\u00e8rent, r\u00eavent l\u2019homme de leur vie. Quelquefois le quotidien les [&hellip;]<\/p>\n","protected":false},"author":1,"featured_media":0,"parent":0,"menu_order":0,"comment_status":"closed","ping_status":"closed","template":"","meta":{"footnotes":""},"class_list":["post-2027","page","type-page","status-publish","hentry"],"_links":{"self":[{"href":"https:\/\/lejonchet.fr\/index.php\/wp-json\/wp\/v2\/pages\/2027","targetHints":{"allow":["GET"]}}],"collection":[{"href":"https:\/\/lejonchet.fr\/index.php\/wp-json\/wp\/v2\/pages"}],"about":[{"href":"https:\/\/lejonchet.fr\/index.php\/wp-json\/wp\/v2\/types\/page"}],"author":[{"embeddable":true,"href":"https:\/\/lejonchet.fr\/index.php\/wp-json\/wp\/v2\/users\/1"}],"replies":[{"embeddable":true,"href":"https:\/\/lejonchet.fr\/index.php\/wp-json\/wp\/v2\/comments?post=2027"}],"version-history":[{"count":28,"href":"https:\/\/lejonchet.fr\/index.php\/wp-json\/wp\/v2\/pages\/2027\/revisions"}],"predecessor-version":[{"id":3015,"href":"https:\/\/lejonchet.fr\/index.php\/wp-json\/wp\/v2\/pages\/2027\/revisions\/3015"}],"wp:attachment":[{"href":"https:\/\/lejonchet.fr\/index.php\/wp-json\/wp\/v2\/media?parent=2027"}],"curies":[{"name":"wp","href":"https:\/\/api.w.org\/{rel}","templated":true}]}}