{"id":1891,"date":"2021-06-04T14:46:30","date_gmt":"2021-06-04T12:46:30","guid":{"rendered":"https:\/\/lejonchet.fr\/?page_id=1891"},"modified":"2023-04-10T16:03:43","modified_gmt":"2023-04-10T14:03:43","slug":"theatre-3","status":"publish","type":"page","link":"https:\/\/lejonchet.fr\/index.php\/theatre-3\/","title":{"rendered":"Th\u00e9\u00e2tre"},"content":{"rendered":"\n<figure class=\"wp-block-table alignright\"><table class=\"has-background\" style=\"background-color:#e7f5fe\"><tbody><tr><td class=\"has-text-align-right\" data-align=\"right\">RESERVATIONS :<br><a href=\"https:\/\/lejonchet.fr\/index.php\/events\/un-ptit-coin-de-paradis\/\"><strong>Dimanche 9 juillet \u00e0 15h30<\/strong><\/a><\/td><\/tr><\/tbody><\/table><\/figure>\n\n\n\n<p class=\"has-vivid-red-color has-text-color has-large-font-size\"><strong>\u00ab\u00a0Un p&rsquo;tit coin de paradis\u00a0\u00bb<\/strong><\/p>\n\n\n\n<p class=\"has-vivid-red-color has-text-color has-medium-font-size\"><strong><em>par la compagnie Th\u00e9\u00e2tre au Vent<\/em><\/strong><\/p>\n\n\n\n<figure class=\"wp-block-image size-full\"><img loading=\"lazy\" decoding=\"async\" width=\"800\" height=\"231\" src=\"https:\/\/lejonchet.fr\/wp-content\/uploads\/2021\/07\/Coin01.gif\" alt=\"\" class=\"wp-image-1943\"\/><\/figure>\n\n\n\n<p class=\"has-drop-cap has-text-align-left\">Si le paradis se cache l\u00e0 o\u00f9 il ne pleut pas, Paquita a de la place sous son parapluie&nbsp;! <br><br>Elle propose de rencontrer la tendresse, l\u2019imagination, la folie douce dans un spectacle qui ne laisse place qu\u2019\u00e0 la v\u00e9rit\u00e9, \u00e0 la parole de l\u2019\u00e2me sensible. <br><br>Ce spectacle est l\u2019occasion de d\u00e9couvrir le clown, un personnage qui parle avec le coeur, \u00e0 l\u2019abri des limites et qui a le pouvoir de vous transmettre cette exp\u00e9rience de vie au travers d\u2019un moment pass\u00e9 avec elle. Elle donnera \u00e0 tous ceux qui le souhaitent, la capacit\u00e9 de s\u2019exprimer avec sinc\u00e9rit\u00e9 sur les sujets qu\u2019elle aborde. <br><br><\/p>\n\n\n\n<div class=\"wp-block-buttons is-horizontal is-content-justification-right is-layout-flex wp-container-core-buttons-is-layout-ae2fe186 wp-block-buttons-is-layout-flex\">\n<div class=\"wp-block-button\"><a class=\"wp-block-button__link has-white-color has-luminous-vivid-amber-background-color has-text-color has-background wp-element-button\" href=\"https:\/\/lejonchet.fr\/index.php\/events\/un-ptit-coin-de-paradis\/\">R\u00e9servations&#8230;<\/a><\/div>\n<\/div>\n\n\n\n<p><\/p>\n\n\n\n<p class=\"has-text-align-right has-small-font-size\">Spectacle tout public de 1 \u00e0 101 ans<br> Jeu, mise en sc\u00e8ne, \u00e9criture : <strong>Ana Maria Venegas<\/strong><\/p>\n\n\n\n<figure class=\"wp-block-gallery has-nested-images columns-default is-cropped wp-block-gallery-1 is-layout-flex wp-block-gallery-is-layout-flex\">\n<figure class=\"wp-block-image size-large\"><img loading=\"lazy\" decoding=\"async\" width=\"235\" height=\"235\" data-id=\"1945\" src=\"https:\/\/lejonchet.fr\/wp-content\/uploads\/2021\/07\/Coin02.gif\" alt=\"\" class=\"wp-image-1945\"\/><\/figure>\n\n\n\n<figure class=\"wp-block-image size-large\"><img loading=\"lazy\" decoding=\"async\" width=\"235\" height=\"235\" data-id=\"1946\" src=\"https:\/\/lejonchet.fr\/wp-content\/uploads\/2021\/07\/Coin03.gif\" alt=\"\" class=\"wp-image-1946\"\/><\/figure>\n\n\n\n<figure class=\"wp-block-image size-large\"><img loading=\"lazy\" decoding=\"async\" width=\"235\" height=\"235\" data-id=\"1947\" src=\"https:\/\/lejonchet.fr\/wp-content\/uploads\/2021\/07\/Coin05.gif\" alt=\"\" class=\"wp-image-1947\"\/><\/figure>\n<\/figure>\n","protected":false},"excerpt":{"rendered":"<p>RESERVATIONS :Dimanche 9 juillet \u00e0 15h30 \u00ab\u00a0Un p&rsquo;tit coin de paradis\u00a0\u00bb par la compagnie Th\u00e9\u00e2tre au Vent Si le paradis se cache l\u00e0 o\u00f9 il ne pleut pas, Paquita a de la place sous son parapluie&nbsp;! Elle propose de rencontrer la tendresse, l\u2019imagination, la folie douce dans un spectacle qui ne laisse place qu\u2019\u00e0 la [&hellip;]<\/p>\n","protected":false},"author":1,"featured_media":0,"parent":0,"menu_order":0,"comment_status":"closed","ping_status":"closed","template":"","meta":{"footnotes":""},"class_list":["post-1891","page","type-page","status-publish","hentry"],"_links":{"self":[{"href":"https:\/\/lejonchet.fr\/index.php\/wp-json\/wp\/v2\/pages\/1891","targetHints":{"allow":["GET"]}}],"collection":[{"href":"https:\/\/lejonchet.fr\/index.php\/wp-json\/wp\/v2\/pages"}],"about":[{"href":"https:\/\/lejonchet.fr\/index.php\/wp-json\/wp\/v2\/types\/page"}],"author":[{"embeddable":true,"href":"https:\/\/lejonchet.fr\/index.php\/wp-json\/wp\/v2\/users\/1"}],"replies":[{"embeddable":true,"href":"https:\/\/lejonchet.fr\/index.php\/wp-json\/wp\/v2\/comments?post=1891"}],"version-history":[{"count":21,"href":"https:\/\/lejonchet.fr\/index.php\/wp-json\/wp\/v2\/pages\/1891\/revisions"}],"predecessor-version":[{"id":3793,"href":"https:\/\/lejonchet.fr\/index.php\/wp-json\/wp\/v2\/pages\/1891\/revisions\/3793"}],"wp:attachment":[{"href":"https:\/\/lejonchet.fr\/index.php\/wp-json\/wp\/v2\/media?parent=1891"}],"curies":[{"name":"wp","href":"https:\/\/api.w.org\/{rel}","templated":true}]}}