{"id":1578,"date":"2021-05-08T23:41:51","date_gmt":"2021-05-08T21:41:51","guid":{"rendered":"http:\/\/lejonchet.fr\/?page_id=1578"},"modified":"2024-10-31T14:35:10","modified_gmt":"2024-10-31T13:35:10","slug":"theatre-2","status":"publish","type":"page","link":"https:\/\/lejonchet.fr\/index.php\/theatre-2\/","title":{"rendered":"Th\u00e9\u00e2tre"},"content":{"rendered":"\n<figure class=\"wp-block-table alignright\"><table class=\"has-background\" style=\"background-color:#e7f5fe\"><tbody><tr><td class=\"has-text-align-right\" data-align=\"right\">RESERVATIONS :<br><strong><mark style=\"background-color:rgba(0, 0, 0, 0)\" class=\"has-inline-color has-vivid-cyan-blue-color\"><a href=\"https:\/\/lejonchet.fr\/index.php\/events\/antigone-et-moi-6\/\">Samedi 25 janvier 2025 \u00e0 20h30<\/a><\/mark><\/strong><br><strong><mark style=\"background-color:rgba(0, 0, 0, 0)\" class=\"has-inline-color has-vivid-cyan-blue-color\"><\/mark><\/strong><\/td><\/tr><\/tbody><\/table><\/figure>\n\n\n\n<p class=\"has-vivid-red-color has-text-color has-large-font-size\"><strong>\u00ab\u00a0Antigone et moi\u00a0\u00bb<\/strong><\/p>\n\n\n\n<p class=\"has-black-color has-text-color has-small-font-size\"><em>par <\/em><strong><em>L<\/em><\/strong><strong><em>a compagnie Th\u00e9\u00e2tre au Vent<\/em><\/strong><\/p>\n\n\n\n<figure class=\"wp-block-image size-large\"><img loading=\"lazy\" decoding=\"async\" width=\"800\" height=\"258\" src=\"https:\/\/lejonchet.fr\/wp-content\/uploads\/2021\/05\/Antigone-4.gif\" alt=\"\" class=\"wp-image-1581\"\/><\/figure>\n\n\n\n<p><\/p>\n\n\n\n<p class=\"has-drop-cap\">Quinze ans aussi que la cr\u00e9atrice du Th\u00e9\u00e2tre au Vent est hant\u00e9e par Antigone suite \u00e0 un bouleversant travail en profondeur avec Philippe Hottier (Ecole Mnouchkine).<\/p>\n\n\n\n<p>Antigone, c\u00e9l\u00e9br\u00e9e par tant d&rsquo;auteurs, de Sophocle \u00e0 Anouilh ou Becket, incarne le refus de se plier \u00e0 l&rsquo;autorit\u00e9 arbitraire du pouvoir. Elle paiera de sa vie sa r\u00e9volte et son insoumission pour avoir d\u00e9sob\u00e9i aux ordres du roi interdisant que l&rsquo;on rende les hommages \u00e0 son fr\u00e8re mort en lui donnant une s\u00e9pulture.<\/p>\n\n\n\n<p class=\"has-text-align-left\">Cette jeune h\u00e9ro\u00efne d\u00e9termin\u00e9e et enti\u00e8re ne pouvait que toucher <strong>Ana Maria Venegas<\/strong> qui a v\u00e9cu sous le r\u00e9gime de la dictature chilienne.<\/p>\n\n\n\n<div class=\"wp-block-button\"><a class=\"wp-block-button__link has-luminous-vivid-amber-background-color has-background wp-element-button\" href=\"https:\/\/lejonchet.fr\/index.php\/events\/antigone-et-moi-6\/\" style=\"border-radius:39px\">R\u00e9servation&#8230;<\/a><\/div>\n\n\n\n<figure class=\"wp-block-gallery has-nested-images columns-default is-cropped wp-block-gallery-1 is-layout-flex wp-block-gallery-is-layout-flex\">\n<figure class=\"wp-block-image size-large\"><img loading=\"lazy\" decoding=\"async\" width=\"400\" height=\"400\" data-id=\"1588\" src=\"https:\/\/lejonchet.fr\/wp-content\/uploads\/2021\/05\/Anti01.gif\" alt=\"\" class=\"wp-image-1588\"\/><\/figure>\n\n\n\n<figure class=\"wp-block-image size-large\"><img loading=\"lazy\" decoding=\"async\" width=\"400\" height=\"250\" data-id=\"1589\" src=\"https:\/\/lejonchet.fr\/wp-content\/uploads\/2021\/05\/Anti02.gif\" alt=\"\" class=\"wp-image-1589\"\/><\/figure>\n\n\n\n<figure class=\"wp-block-image size-large\"><img loading=\"lazy\" decoding=\"async\" width=\"400\" height=\"400\" data-id=\"1590\" src=\"https:\/\/lejonchet.fr\/wp-content\/uploads\/2021\/05\/Anti03.gif\" alt=\"\" class=\"wp-image-1590\"\/><\/figure>\n<\/figure>\n\n\n\n<p><\/p>\n","protected":false},"excerpt":{"rendered":"<p>RESERVATIONS :Samedi 25 janvier 2025 \u00e0 20h30 \u00ab\u00a0Antigone et moi\u00a0\u00bb par La compagnie Th\u00e9\u00e2tre au Vent Quinze ans aussi que la cr\u00e9atrice du Th\u00e9\u00e2tre au Vent est hant\u00e9e par Antigone suite \u00e0 un bouleversant travail en profondeur avec Philippe Hottier (Ecole Mnouchkine). Antigone, c\u00e9l\u00e9br\u00e9e par tant d&rsquo;auteurs, de Sophocle \u00e0 Anouilh ou Becket, incarne le [&hellip;]<\/p>\n","protected":false},"author":1,"featured_media":0,"parent":0,"menu_order":0,"comment_status":"closed","ping_status":"closed","template":"","meta":{"footnotes":""},"class_list":["post-1578","page","type-page","status-publish","hentry"],"_links":{"self":[{"href":"https:\/\/lejonchet.fr\/index.php\/wp-json\/wp\/v2\/pages\/1578","targetHints":{"allow":["GET"]}}],"collection":[{"href":"https:\/\/lejonchet.fr\/index.php\/wp-json\/wp\/v2\/pages"}],"about":[{"href":"https:\/\/lejonchet.fr\/index.php\/wp-json\/wp\/v2\/types\/page"}],"author":[{"embeddable":true,"href":"https:\/\/lejonchet.fr\/index.php\/wp-json\/wp\/v2\/users\/1"}],"replies":[{"embeddable":true,"href":"https:\/\/lejonchet.fr\/index.php\/wp-json\/wp\/v2\/comments?post=1578"}],"version-history":[{"count":21,"href":"https:\/\/lejonchet.fr\/index.php\/wp-json\/wp\/v2\/pages\/1578\/revisions"}],"predecessor-version":[{"id":6587,"href":"https:\/\/lejonchet.fr\/index.php\/wp-json\/wp\/v2\/pages\/1578\/revisions\/6587"}],"wp:attachment":[{"href":"https:\/\/lejonchet.fr\/index.php\/wp-json\/wp\/v2\/media?parent=1578"}],"curies":[{"name":"wp","href":"https:\/\/api.w.org\/{rel}","templated":true}]}}