{"id":1535,"date":"2021-05-08T21:21:55","date_gmt":"2021-05-08T19:21:55","guid":{"rendered":"http:\/\/lejonchet.fr\/?page_id=1535"},"modified":"2021-08-04T18:15:13","modified_gmt":"2021-08-04T16:15:13","slug":"theatre","status":"publish","type":"page","link":"https:\/\/lejonchet.fr\/index.php\/theatre\/","title":{"rendered":"Th\u00e9\u00e2tre"},"content":{"rendered":"\n<figure class=\"wp-block-table alignright\"><table class=\"has-background\" style=\"background-color:#e7f5fe\"><tbody><tr><td class=\"has-text-align-right\" data-align=\"right\">RESERVATIONS :<br><strong><a href=\"https:\/\/lejonchet.fr\/index.php\/events\/les-marchandes-dail\/\">Samedi 18 septembre 2021 \u00e0 20h30<\/a><\/strong><\/td><\/tr><\/tbody><\/table><\/figure>\n\n\n\n<p class=\"has-vivid-red-color has-text-color has-large-font-size\"><strong>\u00ab\u00a0Les marchandes d&rsquo;ail\u00a0\u00bb<\/strong><\/p>\n\n\n\n<p class=\"has-vivid-red-color has-text-color has-medium-font-size\"><strong><em>par le Collectif aux Petits Oignons<\/em><\/strong><\/p>\n\n\n\n<figure class=\"wp-block-image size-large\"><img loading=\"lazy\" decoding=\"async\" width=\"800\" height=\"329\" src=\"https:\/\/lejonchet.fr\/wp-content\/uploads\/2021\/05\/Ail-02.gif\" alt=\"\" class=\"wp-image-1540\"\/><\/figure>\n\n\n\n<p class=\"has-drop-cap\">\u00c0 8 ans, Anne r\u00eavait de devenir femme au foyer. Aujourd&rsquo;hui, elle est com\u00e9dienne et lesbienne et elle cherche \u00e0 comprendre comment elle s&rsquo;est (d\u00e9)construite.&nbsp;<br>Seule en sc\u00e8ne, elle interpr\u00e8te tous les personnages qui ont marqu\u00e9 son histoire et nous offre un grand plongeon dans ses souvenirs.<\/p>\n\n\n\n<p><em>Sommes-nous devenus les adultes que nous r\u00eavions d&rsquo;\u00eatre enfants ?<br>Quel est ce long et fascinant parcours par lequel chacun(e) passe, \u00e0 la recherche de son identit\u00e9 ?<br>Comment parvient-on \u00e0 d\u00e9couvrir et accepter une part de nous-m\u00eame enfouie depuis trop longtemps ?<\/em><br>Avec humour et finesse, Anne nous parle d&rsquo;elle, d&rsquo;identit\u00e9 et d&rsquo;amour, et fait petit \u00e0 petit r\u00e9sonner son histoire personnelle en chacun(e) d&rsquo;entre nous.<\/p>\n\n\n\n<div class=\"wp-block-columns is-layout-flex wp-container-core-columns-is-layout-9d6595d7 wp-block-columns-is-layout-flex\">\n<div class=\"wp-block-column is-layout-flow wp-block-column-is-layout-flow\" style=\"flex-basis:100%\">\n<p style=\"font-size:12px\"><strong>\u00c9criture et jeu :<\/strong> Anne Moisset<br><strong> Mise en sc\u00e8ne :<\/strong> Juliette Morin et Manon Robert<br><strong> Dur\u00e9e du spectacle<\/strong> 55 minutes \/ Conseill\u00e9 \u00e0 partir de 14 ans<\/p>\n<\/div>\n<\/div>\n\n\n\n<p><\/p>\n\n\n\n<div class=\"wp-block-button alignright\"><a class=\"wp-block-button__link has-luminous-vivid-amber-background-color has-background\" href=\"https:\/\/lejonchet.fr\/index.php\/agenda\/\" style=\"border-radius:39px\">R\u00e9servation&#8230;<\/a><\/div>\n","protected":false},"excerpt":{"rendered":"<p>RESERVATIONS :Samedi 18 septembre 2021 \u00e0 20h30 \u00ab\u00a0Les marchandes d&rsquo;ail\u00a0\u00bb par le Collectif aux Petits Oignons \u00c0 8 ans, Anne r\u00eavait de devenir femme au foyer. Aujourd&rsquo;hui, elle est com\u00e9dienne et lesbienne et elle cherche \u00e0 comprendre comment elle s&rsquo;est (d\u00e9)construite.&nbsp;Seule en sc\u00e8ne, elle interpr\u00e8te tous les personnages qui ont marqu\u00e9 son histoire et nous [&hellip;]<\/p>\n","protected":false},"author":1,"featured_media":0,"parent":0,"menu_order":0,"comment_status":"closed","ping_status":"closed","template":"","meta":{"footnotes":""},"class_list":["post-1535","page","type-page","status-publish","hentry"],"_links":{"self":[{"href":"https:\/\/lejonchet.fr\/index.php\/wp-json\/wp\/v2\/pages\/1535","targetHints":{"allow":["GET"]}}],"collection":[{"href":"https:\/\/lejonchet.fr\/index.php\/wp-json\/wp\/v2\/pages"}],"about":[{"href":"https:\/\/lejonchet.fr\/index.php\/wp-json\/wp\/v2\/types\/page"}],"author":[{"embeddable":true,"href":"https:\/\/lejonchet.fr\/index.php\/wp-json\/wp\/v2\/users\/1"}],"replies":[{"embeddable":true,"href":"https:\/\/lejonchet.fr\/index.php\/wp-json\/wp\/v2\/comments?post=1535"}],"version-history":[{"count":16,"href":"https:\/\/lejonchet.fr\/index.php\/wp-json\/wp\/v2\/pages\/1535\/revisions"}],"predecessor-version":[{"id":1990,"href":"https:\/\/lejonchet.fr\/index.php\/wp-json\/wp\/v2\/pages\/1535\/revisions\/1990"}],"wp:attachment":[{"href":"https:\/\/lejonchet.fr\/index.php\/wp-json\/wp\/v2\/media?parent=1535"}],"curies":[{"name":"wp","href":"https:\/\/api.w.org\/{rel}","templated":true}]}}