{"id":1260,"date":"2020-09-06T11:46:20","date_gmt":"2020-09-06T09:46:20","guid":{"rendered":"http:\/\/lejonchet.fr\/?page_id=1260"},"modified":"2022-09-12T12:26:09","modified_gmt":"2022-09-12T10:26:09","slug":"108portes","status":"publish","type":"page","link":"https:\/\/lejonchet.fr\/index.php\/108portes\/","title":{"rendered":"Th\u00e9\u00e2tre"},"content":{"rendered":"\n<figure class=\"wp-block-table alignright\"><table class=\"has-background\" style=\"background-color:#e7f5fe\"><tbody><tr><td class=\"has-text-align-right\" data-align=\"right\">RESERVATIONS :<br><strong><a href=\"https:\/\/lejonchet.fr\/index.php\/events\/sil-pouvait-pleuvoir-de-nouveau-sur-nos-visages-3\/\">Samedi 26 novembre \u00e0 20h30<\/a><\/strong><\/td><\/tr><\/tbody><\/table><\/figure>\n\n\n\n<p class=\"has-vivid-red-color has-text-color has-large-font-size\"><strong>\u00ab\u00a0S&rsquo;il pouvait pleuvoir de nouveau sur nos visages\u00a0\u00bb<\/strong><\/p>\n\n\n\n<p class=\"has-vivid-red-color has-text-color has-medium-font-size\"><strong><em>par la compagnie \u00ab\u00a0Les 108 portes\u00a0\u00bb<\/em><\/strong><\/p>\n\n\n\n<figure class=\"wp-block-image size-full is-resized\"><img loading=\"lazy\" decoding=\"async\" src=\"https:\/\/lejonchet.fr\/wp-content\/uploads\/2022\/09\/SPP02.jpg\" alt=\"\" class=\"wp-image-3043\" width=\"843\" height=\"252\" srcset=\"https:\/\/lejonchet.fr\/wp-content\/uploads\/2022\/09\/SPP02.jpg 800w, https:\/\/lejonchet.fr\/wp-content\/uploads\/2022\/09\/SPP02-300x90.jpg 300w, https:\/\/lejonchet.fr\/wp-content\/uploads\/2022\/09\/SPP02-768x229.jpg 768w, https:\/\/lejonchet.fr\/wp-content\/uploads\/2022\/09\/SPP02-690x206.jpg 690w\" sizes=\"auto, (max-width: 843px) 100vw, 843px\" \/><\/figure>\n\n\n\n<p class=\"has-drop-cap\">Elle est radieuse dans son salon. Elle est enceinte, elle a tout organis\u00e9 pour l\u2019anniversaire de l\u2019homme qu\u2019elle aime. Les invit\u00e9s sont \u00e0 l\u2019heure. Il ne devrait plus tarder \u00e0 rentrer. Juste \u00e0 temps pour passer une bonne soir\u00e9e entre amis.<\/p>\n\n\n\n<p>A son arriv\u00e9e, les choses ne se d\u00e9roulent pas comme elle les avait imagin\u00e9es. Pourtant elle aime anticiper, tout organiser, ne pas se laisser surprendre par l\u2019impr\u00e9vu. Cette fois, il va bien falloir qu\u2019il r\u00e9ponde \u00e0 ses questions. Toutes ses questions.<\/p>\n\n\n\n<p>Elle convie des inconnus \u00e0 une f\u00eate, elle les invite \u00e0 assister \u00e0 la d\u00e9cision la plus difficile qu\u2019Elle et Lui aient \u00e0 prendre ensemble.<\/p>\n\n\n\n<figure class=\"wp-block-gallery has-nested-images columns-3 is-cropped wp-block-gallery-1 is-layout-flex wp-block-gallery-is-layout-flex\">\n<figure class=\"wp-block-image size-full\"><img loading=\"lazy\" decoding=\"async\" width=\"519\" height=\"400\" data-id=\"3052\" src=\"https:\/\/lejonchet.fr\/wp-content\/uploads\/2022\/09\/SPP03-3.jpg\" alt=\"\" class=\"wp-image-3052\" srcset=\"https:\/\/lejonchet.fr\/wp-content\/uploads\/2022\/09\/SPP03-3.jpg 519w, https:\/\/lejonchet.fr\/wp-content\/uploads\/2022\/09\/SPP03-3-300x231.jpg 300w\" sizes=\"auto, (max-width: 519px) 100vw, 519px\" \/><\/figure>\n\n\n\n<figure class=\"wp-block-image size-full\"><img loading=\"lazy\" decoding=\"async\" width=\"352\" height=\"352\" data-id=\"3053\" src=\"https:\/\/lejonchet.fr\/wp-content\/uploads\/2022\/09\/SPP04-1.jpg\" alt=\"\" class=\"wp-image-3053\" srcset=\"https:\/\/lejonchet.fr\/wp-content\/uploads\/2022\/09\/SPP04-1.jpg 352w, https:\/\/lejonchet.fr\/wp-content\/uploads\/2022\/09\/SPP04-1-300x300.jpg 300w, https:\/\/lejonchet.fr\/wp-content\/uploads\/2022\/09\/SPP04-1-150x150.jpg 150w\" sizes=\"auto, (max-width: 352px) 100vw, 352px\" \/><\/figure>\n\n\n\n<figure class=\"wp-block-image size-full\"><img loading=\"lazy\" decoding=\"async\" width=\"515\" height=\"425\" data-id=\"3054\" src=\"https:\/\/lejonchet.fr\/wp-content\/uploads\/2022\/09\/SPP06.jpg\" alt=\"\" class=\"wp-image-3054\" srcset=\"https:\/\/lejonchet.fr\/wp-content\/uploads\/2022\/09\/SPP06.jpg 515w, https:\/\/lejonchet.fr\/wp-content\/uploads\/2022\/09\/SPP06-300x248.jpg 300w\" sizes=\"auto, (max-width: 515px) 100vw, 515px\" \/><\/figure>\n<\/figure>\n\n\n\n<div class=\"wp-block-button alignright\"><a class=\"wp-block-button__link has-luminous-vivid-amber-background-color has-background\" href=\"https:\/\/lejonchet.fr\/index.php\/events\/sil-pouvait-pleuvoir-de-nouveau-sur-nos-visages-3\/\" style=\"border-radius:39px\">R\u00e9servation&#8230;<\/a><\/div>\n","protected":false},"excerpt":{"rendered":"<p>RESERVATIONS :Samedi 26 novembre \u00e0 20h30 \u00ab\u00a0S&rsquo;il pouvait pleuvoir de nouveau sur nos visages\u00a0\u00bb par la compagnie \u00ab\u00a0Les 108 portes\u00a0\u00bb Elle est radieuse dans son salon. Elle est enceinte, elle a tout organis\u00e9 pour l\u2019anniversaire de l\u2019homme qu\u2019elle aime. Les invit\u00e9s sont \u00e0 l\u2019heure. Il ne devrait plus tarder \u00e0 rentrer. Juste \u00e0 temps pour [&hellip;]<\/p>\n","protected":false},"author":1,"featured_media":0,"parent":0,"menu_order":0,"comment_status":"closed","ping_status":"closed","template":"","meta":{"footnotes":""},"class_list":["post-1260","page","type-page","status-publish","hentry"],"_links":{"self":[{"href":"https:\/\/lejonchet.fr\/index.php\/wp-json\/wp\/v2\/pages\/1260","targetHints":{"allow":["GET"]}}],"collection":[{"href":"https:\/\/lejonchet.fr\/index.php\/wp-json\/wp\/v2\/pages"}],"about":[{"href":"https:\/\/lejonchet.fr\/index.php\/wp-json\/wp\/v2\/types\/page"}],"author":[{"embeddable":true,"href":"https:\/\/lejonchet.fr\/index.php\/wp-json\/wp\/v2\/users\/1"}],"replies":[{"embeddable":true,"href":"https:\/\/lejonchet.fr\/index.php\/wp-json\/wp\/v2\/comments?post=1260"}],"version-history":[{"count":21,"href":"https:\/\/lejonchet.fr\/index.php\/wp-json\/wp\/v2\/pages\/1260\/revisions"}],"predecessor-version":[{"id":3059,"href":"https:\/\/lejonchet.fr\/index.php\/wp-json\/wp\/v2\/pages\/1260\/revisions\/3059"}],"wp:attachment":[{"href":"https:\/\/lejonchet.fr\/index.php\/wp-json\/wp\/v2\/media?parent=1260"}],"curies":[{"name":"wp","href":"https:\/\/api.w.org\/{rel}","templated":true}]}}