{"id":1052,"date":"2020-07-08T17:22:59","date_gmt":"2020-07-08T15:22:59","guid":{"rendered":"http:\/\/lejonchet.fr\/?page_id=1052"},"modified":"2021-08-04T17:24:16","modified_gmt":"2021-08-04T15:24:16","slug":"divertissement","status":"publish","type":"page","link":"https:\/\/lejonchet.fr\/index.php\/divertissement\/","title":{"rendered":"Th\u00e9\u00e2tre"},"content":{"rendered":"\n<figure class=\"wp-block-table alignright\"><table class=\"has-background\" style=\"background-color:#e7f5fe\"><tbody><tr><td class=\"has-text-align-right\" data-align=\"right\">RESERVATIONS :<br><strong><a href=\"https:\/\/lejonchet.fr\/index.php\/events\/divertissement-bourgeois-4\/\">Vendredi 24 septembre 2021 \u00e0 20H30<\/a><\/strong><br><strong><a href=\"https:\/\/lejonchet.fr\/index.php\/events\/divertissement-bourgeois-5\/\">Dimanche 7 novembre 2021 \u00e0 15h00<\/a><\/strong><br><a href=\"https:\/\/lejonchet.fr\/index.php\/events\/divertissement-bourgeois-6\/\"> <strong>Samedi 27 novembre 2021 \u00e0 20h30<\/strong><\/a><br> <strong><a href=\"https:\/\/lejonchet.fr\/index.php\/events\/divertissement-bourgeois-7\/\">Samedi 11 d\u00e9cembre 2021 \u00e0 20h30<\/a><\/strong> <\/td><\/tr><\/tbody><\/table><\/figure>\n\n\n\n<p class=\"has-vivid-red-color has-text-color\" style=\"font-size:40px\"><strong>\u00ab\u00a0Divertissement bourgeois\u00a0\u00bb<\/strong><\/p>\n\n\n\n<p>de Eug\u00e8ne DURIF<\/p>\n\n\n\n<p class=\"has-vivid-red-color has-text-color has-medium-font-size\"><strong><em>par la compagnie du Je entre Nous<\/em><\/strong><\/p>\n\n\n\n<figure class=\"wp-block-image size-large\"><img loading=\"lazy\" decoding=\"async\" width=\"982\" height=\"363\" src=\"https:\/\/lejonchet.fr\/wp-content\/uploads\/2020\/07\/Poule.gif\" alt=\"\" class=\"wp-image-1068\"\/><\/figure>\n\n\n\n<p class=\"has-drop-cap\">Cette pi\u00e8ce est une reprise des th\u00e8mes classiques du Bourgeois Gentilhomme de Moli\u00e8re&nbsp;: la servante qui en sait trop, qui manipule ses ma\u00eetres born\u00e9s et \u00e9go\u00efstes au profit des pauvres gens. Ici, le jeune couple de tourtereaux laisse sa place au ch\u00f4meur ruin\u00e9. Le bourgeois n&rsquo;est plus ce vieux barbon ridicule mais plut\u00f4t un \u00ab&nbsp;bobo&nbsp;\u00bb un bourgeois boh\u00e8me de gauche qui s&rsquo;int\u00e9resse au th\u00e9\u00e2tre pour faire branch\u00e9. De m\u00eame que le ma\u00eetre de ballet faisait danser Monsieur Jourdain de fa\u00e7on ridicule, Antoine parvient \u00e0 faire danser Etienne Dufilet et son \u00e9pouse, Sophie.<\/p>\n\n\n\n<p><em>Eug\u00e8ne Durif dans cette com\u00e9die se moque des nouveaux bourgeois \u00e9pris de th\u00e9\u00e2tre amateur&nbsp;!<\/em><\/p>\n\n\n\n<p><\/p>\n\n\n\n<figure class=\"wp-block-gallery aligncenter columns-4 wp-block-gallery-1 is-layout-flex wp-block-gallery-is-layout-flex\"><ul class=\"blocks-gallery-grid\"><li class=\"blocks-gallery-item\"><figure><img loading=\"lazy\" decoding=\"async\" width=\"214\" height=\"214\" src=\"https:\/\/lejonchet.fr\/wp-content\/uploads\/2020\/07\/Poule02.gif\" alt=\"\" data-id=\"1070\" data-link=\"https:\/\/lejonchet.fr\/index.php\/theatre\/poule02\/\" class=\"wp-image-1070\"\/><\/figure><\/li><li class=\"blocks-gallery-item\"><figure><img loading=\"lazy\" decoding=\"async\" width=\"214\" height=\"214\" src=\"https:\/\/lejonchet.fr\/wp-content\/uploads\/2020\/07\/Poule03.gif\" alt=\"\" data-id=\"1069\" data-link=\"https:\/\/lejonchet.fr\/index.php\/theatre\/poule03\/\" class=\"wp-image-1069\"\/><\/figure><\/li><li class=\"blocks-gallery-item\"><figure><img loading=\"lazy\" decoding=\"async\" width=\"214\" height=\"214\" src=\"https:\/\/lejonchet.fr\/wp-content\/uploads\/2020\/07\/Poule04.gif\" alt=\"\" data-id=\"1071\" data-link=\"https:\/\/lejonchet.fr\/index.php\/theatre\/poule04\/\" class=\"wp-image-1071\"\/><\/figure><\/li><li class=\"blocks-gallery-item\"><figure><img loading=\"lazy\" decoding=\"async\" width=\"214\" height=\"214\" src=\"https:\/\/lejonchet.fr\/wp-content\/uploads\/2020\/07\/Poule06.gif\" alt=\"\" data-id=\"1073\" data-full-url=\"https:\/\/lejonchet.fr\/wp-content\/uploads\/2020\/07\/Poule06.gif\" data-link=\"https:\/\/lejonchet.fr\/index.php\/theatre\/poule06\/\" class=\"wp-image-1073\"\/><\/figure><\/li><\/ul><\/figure>\n\n\n\n<div class=\"wp-block-button alignright\"><a class=\"wp-block-button__link has-luminous-vivid-amber-background-color has-background\" href=\"https:\/\/lejonchet.fr\/index.php\/agenda\/\" style=\"border-radius:39px\">R\u00e9servation&#8230;<\/a><\/div>\n\n\n\n<p><\/p>\n","protected":false},"excerpt":{"rendered":"<p>RESERVATIONS :Vendredi 24 septembre 2021 \u00e0 20H30Dimanche 7 novembre 2021 \u00e0 15h00 Samedi 27 novembre 2021 \u00e0 20h30 Samedi 11 d\u00e9cembre 2021 \u00e0 20h30 \u00ab\u00a0Divertissement bourgeois\u00a0\u00bb de Eug\u00e8ne DURIF par la compagnie du Je entre Nous Cette pi\u00e8ce est une reprise des th\u00e8mes classiques du Bourgeois Gentilhomme de Moli\u00e8re&nbsp;: la servante qui en sait trop, [&hellip;]<\/p>\n","protected":false},"author":1,"featured_media":0,"parent":0,"menu_order":0,"comment_status":"closed","ping_status":"closed","template":"","meta":{"footnotes":""},"class_list":["post-1052","page","type-page","status-publish","hentry"],"_links":{"self":[{"href":"https:\/\/lejonchet.fr\/index.php\/wp-json\/wp\/v2\/pages\/1052","targetHints":{"allow":["GET"]}}],"collection":[{"href":"https:\/\/lejonchet.fr\/index.php\/wp-json\/wp\/v2\/pages"}],"about":[{"href":"https:\/\/lejonchet.fr\/index.php\/wp-json\/wp\/v2\/types\/page"}],"author":[{"embeddable":true,"href":"https:\/\/lejonchet.fr\/index.php\/wp-json\/wp\/v2\/users\/1"}],"replies":[{"embeddable":true,"href":"https:\/\/lejonchet.fr\/index.php\/wp-json\/wp\/v2\/comments?post=1052"}],"version-history":[{"count":21,"href":"https:\/\/lejonchet.fr\/index.php\/wp-json\/wp\/v2\/pages\/1052\/revisions"}],"predecessor-version":[{"id":1982,"href":"https:\/\/lejonchet.fr\/index.php\/wp-json\/wp\/v2\/pages\/1052\/revisions\/1982"}],"wp:attachment":[{"href":"https:\/\/lejonchet.fr\/index.php\/wp-json\/wp\/v2\/media?parent=1052"}],"curies":[{"name":"wp","href":"https:\/\/api.w.org\/{rel}","templated":true}]}}